{"id":47626,"date":"2024-07-29T12:17:01","date_gmt":"2024-07-29T10:17:01","guid":{"rendered":"https:\/\/staging.gemm-srl.com\/non%20class\u00e9\/cl1-1311\/"},"modified":"2025-05-15T07:36:54","modified_gmt":"2025-05-15T05:36:54","slug":"cl1-1311","status":"publish","type":"product","link":"https:\/\/staging.gemm-srl.com\/fr\/fermentation-controlee\/planet-chambres\/cl1-1311\/","title":{"rendered":"CL1\/1311"},"content":{"rendered":"<p>CELLULE FERMENTATION CONTR\u00d4L\u00c9E 1 CHARIOT 600&#215;800 AVEC RAMPE &#8211; Cellule de fermentation contr\u00f4l\u00e9e avec panneaux modulaires compl\u00e8te de producteur de vapeur, panneau de contr\u00f4le 7\u00a0\u00bb avec contr\u00f4le de la ventilation et de l&rsquo;humidit\u00e9 dans toutes les phases, supervision Wi-Fi \u00e0 distance.<\/p>\n","protected":false},"excerpt":{"rendered":"<p>CELLULE FERMENTATION CONTR\u00d4L\u00c9E 1 CHARIOT 600&#215;800 AVEC RAMPE &#8211; Cellule de fermentation contr\u00f4l\u00e9e avec panneaux modulaires compl\u00e8te de producteur de vapeur, panneau de contr\u00f4le 7\u00a0\u00bb avec contr\u00f4le de la ventilation et de l&rsquo;humidit\u00e9 dans toutes les phases, supervision Wi-Fi \u00e0 distance.<\/p>\n","protected":false},"featured_media":147766,"template":"","meta":{"_acf_changed":false},"product_brand":[],"product_cat":[626],"product_tag":[596],"class_list":{"0":"post-47626","1":"product","2":"type-product","3":"status-publish","4":"has-post-thumbnail","6":"product_cat-planet-chambres","7":"product_tag-patisserie","9":"first","10":"instock","11":"purchasable","12":"product-type-simple"},"acf":{"titolo_h2":"MAX 90 % HR","tipo":"","video":"","file_privati":"","file_pubblici":"","scheda_tecnica":"https:\/\/gemm.datipro.it\/pdf-datasheet\/fr\/48001050","depliant":"https:\/\/gemm.datipro.it\/pdf-depliant\/PLANET_CELLE_FERMALIEVITA_EN_light.pdf","struttura_info":"finition ext\u00e9rieure en t\u00f4le PET couleur gris \/ finition int\u00e9rieure en rev\u00eatement en acier inoxydable AISI 304 18\/34","posizione_vano_tecnico":"tableau de commande et installation \u00e9lectrique avec acc\u00e8s frontal","tipo_di_refrigerazione_info":"froid ventil\u00e9 \"gentil\" indirect\/doux","elettronica_info":"carte \u00e9lectronique \u00e0 \u00e9cran TACTILE 7''","sbrinamento_info":"automatique au gaz chaud","evaporazione_acqua_di_condensa_info":"automatique","allestimenti_a_richiesta":"","dotazione_info":"module pour connexion au service GEMM-Cloud ; port USB","esclusioni_info":"chariots","spessore_di_isolamento_info":"80","passo_guide_info":"","posizioni_su_cremagliera":"","piano_di_lavoro_inox_info":"","tipo_serratura":"OUI","illuminazione":"OUI","controllo_ventilazione":"OUI","controllo_umidita":"OUI","umidita_relativa":"max 90%","gas_info":"R290","tensione_info":"1x230V ~ 50Hz","classe_climatica_info":"5","elenco_accessori":[{"accessori":"48002030 - Dictator<br \/>(pour une fermeture douce et automatique de la porte)"},{"accessori":"48002040 - Hublot 40x40 cm pour porte (suppl\u00e9ment)"},{"accessori":"48002045 - Hublot 40x160 cm pour porte (suppl\u00e9ment)"},{"accessori":"48002060 - Finition ext\u00e9rieure en acier inoxydable AISI 304 (suppl\u00e9ment)"},{"accessori":"40200560 - Fr\u00e9quence 60Hz"}],"immagini_portabottiglie":"","strutture_portabottiglie":null,"soluzioni_portabottiglie":null},"yoast_head":"<!-- This site is optimized with the Yoast SEO plugin v25.1 - https:\/\/yoast.com\/wordpress\/plugins\/seo\/ -->\n<title>CL1\/1311 - Gemm srl<\/title>\n<meta name=\"robots\" content=\"index, follow, max-snippet:-1, max-image-preview:large, max-video-preview:-1\" \/>\n<link rel=\"canonical\" href=\"https:\/\/staging.gemm-srl.com\/fr\/fermentation-controlee\/planet-chambres\/cl1-1311\/\" \/>\n<meta property=\"og:locale\" content=\"fr_FR\" \/>\n<meta property=\"og:type\" content=\"article\" \/>\n<meta property=\"og:title\" content=\"CL1\/1311 - Gemm srl\" \/>\n<meta property=\"og:description\" content=\"CELLULE FERMENTATION CONTR\u00d4L\u00c9E 1 CHARIOT 600&#215;800 AVEC RAMPE &#8211; Cellule de fermentation contr\u00f4l\u00e9e avec panneaux modulaires compl\u00e8te de producteur de vapeur, panneau de contr\u00f4le 7\u00a0\u00bb avec contr\u00f4le de la ventilation et de l&rsquo;humidit\u00e9 dans toutes les phases, supervision Wi-Fi \u00e0 distance.\" \/>\n<meta property=\"og:url\" content=\"https:\/\/staging.gemm-srl.com\/fr\/fermentation-controlee\/planet-chambres\/cl1-1311\/\" \/>\n<meta property=\"og:site_name\" content=\"Gemm srl\" \/>\n<meta property=\"article:publisher\" content=\"https:\/\/www.facebook.com\/people\/GEMM-SRL\/100065046666797\/\" \/>\n<meta property=\"article:modified_time\" content=\"2025-05-15T05:36:54+00:00\" \/>\n<meta property=\"og:image\" content=\"https:\/\/staging.gemm-srl.com\/wp-content\/uploads\/2025\/01\/CL1_1311_f.jpg\" \/>\n\t<meta property=\"og:image:width\" content=\"567\" \/>\n\t<meta property=\"og:image:height\" content=\"480\" \/>\n\t<meta property=\"og:image:type\" content=\"image\/jpeg\" \/>\n<meta name=\"twitter:card\" content=\"summary_large_image\" \/>\n<script type=\"application\/ld+json\" class=\"yoast-schema-graph\">{\"@context\":\"https:\/\/schema.org\",\"@graph\":[{\"@type\":\"WebPage\",\"@id\":\"https:\/\/staging.gemm-srl.com\/fr\/fermentation-controlee\/planet-chambres\/cl1-1311\/\",\"url\":\"https:\/\/staging.gemm-srl.com\/fr\/fermentation-controlee\/planet-chambres\/cl1-1311\/\",\"name\":\"CL1\/1311 - Gemm srl\",\"isPartOf\":{\"@id\":\"https:\/\/staging.gemm-srl.com\/fr\/#website\"},\"primaryImageOfPage\":{\"@id\":\"https:\/\/staging.gemm-srl.com\/fr\/fermentation-controlee\/planet-chambres\/cl1-1311\/#primaryimage\"},\"image\":{\"@id\":\"https:\/\/staging.gemm-srl.com\/fr\/fermentation-controlee\/planet-chambres\/cl1-1311\/#primaryimage\"},\"thumbnailUrl\":\"https:\/\/staging.gemm-srl.com\/wp-content\/uploads\/2025\/01\/CL1_1311_f.jpg\",\"datePublished\":\"2024-07-29T10:17:01+00:00\",\"dateModified\":\"2025-05-15T05:36:54+00:00\",\"breadcrumb\":{\"@id\":\"https:\/\/staging.gemm-srl.com\/fr\/fermentation-controlee\/planet-chambres\/cl1-1311\/#breadcrumb\"},\"inLanguage\":\"fr-FR\",\"potentialAction\":[{\"@type\":\"ReadAction\",\"target\":[\"https:\/\/staging.gemm-srl.com\/fr\/fermentation-controlee\/planet-chambres\/cl1-1311\/\"]}]},{\"@type\":\"ImageObject\",\"inLanguage\":\"fr-FR\",\"@id\":\"https:\/\/staging.gemm-srl.com\/fr\/fermentation-controlee\/planet-chambres\/cl1-1311\/#primaryimage\",\"url\":\"https:\/\/staging.gemm-srl.com\/wp-content\/uploads\/2025\/01\/CL1_1311_f.jpg\",\"contentUrl\":\"https:\/\/staging.gemm-srl.com\/wp-content\/uploads\/2025\/01\/CL1_1311_f.jpg\",\"width\":567,\"height\":480},{\"@type\":\"BreadcrumbList\",\"@id\":\"https:\/\/staging.gemm-srl.com\/fr\/fermentation-controlee\/planet-chambres\/cl1-1311\/#breadcrumb\",\"itemListElement\":[{\"@type\":\"ListItem\",\"position\":1,\"name\":\"Home\",\"item\":\"https:\/\/staging.gemm-srl.com\/fr\/\"},{\"@type\":\"ListItem\",\"position\":2,\"name\":\"Produits\",\"item\":\"https:\/\/staging.gemm-srl.com\/fr\/produits\/\"},{\"@type\":\"ListItem\",\"position\":3,\"name\":\"Fermentation contr\u00f4l\u00e9e\",\"item\":\"https:\/\/staging.gemm-srl.com\/fr\/fermentation-controlee\/\"},{\"@type\":\"ListItem\",\"position\":4,\"name\":\"Planet Chambres\",\"item\":\"https:\/\/staging.gemm-srl.com\/fr\/fermentation-controlee\/planet-chambres\/\"},{\"@type\":\"ListItem\",\"position\":5,\"name\":\"CL1\/1311\"}]},{\"@type\":\"WebSite\",\"@id\":\"https:\/\/staging.gemm-srl.com\/fr\/#website\",\"url\":\"https:\/\/staging.gemm-srl.com\/fr\/\",\"name\":\"Gemm srl\",\"description\":\"Sistemi refrigerati professionali di alta qualit\u00e0\",\"publisher\":{\"@id\":\"https:\/\/staging.gemm-srl.com\/fr\/#organization\"},\"potentialAction\":[{\"@type\":\"SearchAction\",\"target\":{\"@type\":\"EntryPoint\",\"urlTemplate\":\"https:\/\/staging.gemm-srl.com\/fr\/?s={search_term_string}\"},\"query-input\":{\"@type\":\"PropertyValueSpecification\",\"valueRequired\":true,\"valueName\":\"search_term_string\"}}],\"inLanguage\":\"fr-FR\"},{\"@type\":\"Organization\",\"@id\":\"https:\/\/staging.gemm-srl.com\/fr\/#organization\",\"name\":\"Gemm srl\",\"url\":\"https:\/\/staging.gemm-srl.com\/fr\/\",\"logo\":{\"@type\":\"ImageObject\",\"inLanguage\":\"fr-FR\",\"@id\":\"https:\/\/staging.gemm-srl.com\/fr\/#\/schema\/logo\/image\/\",\"url\":\"https:\/\/staging.gemm-srl.com\/wp-content\/uploads\/2020\/11\/logo_nero.png\",\"contentUrl\":\"https:\/\/staging.gemm-srl.com\/wp-content\/uploads\/2020\/11\/logo_nero.png\",\"width\":250,\"height\":59,\"caption\":\"Gemm srl\"},\"image\":{\"@id\":\"https:\/\/staging.gemm-srl.com\/fr\/#\/schema\/logo\/image\/\"},\"sameAs\":[\"https:\/\/www.facebook.com\/people\/GEMM-SRL\/100065046666797\/\",\"https:\/\/www.youtube.com\/@gemmsrl\",\"https:\/\/www.linkedin.com\/company\/gemm-s.r.l.\/\",\"https:\/\/www.instagram.com\/gemmsrl\/\"]}]}<\/script>\n<!-- \/ Yoast SEO plugin. -->","yoast_head_json":{"title":"CL1\/1311 - Gemm srl","robots":{"index":"index","follow":"follow","max-snippet":"max-snippet:-1","max-image-preview":"max-image-preview:large","max-video-preview":"max-video-preview:-1"},"canonical":"https:\/\/staging.gemm-srl.com\/fr\/fermentation-controlee\/planet-chambres\/cl1-1311\/","og_locale":"fr_FR","og_type":"article","og_title":"CL1\/1311 - Gemm srl","og_description":"CELLULE FERMENTATION CONTR\u00d4L\u00c9E 1 CHARIOT 600&#215;800 AVEC RAMPE &#8211; Cellule de fermentation contr\u00f4l\u00e9e avec panneaux modulaires compl\u00e8te de producteur de vapeur, panneau de contr\u00f4le 7\u00a0\u00bb avec contr\u00f4le de la ventilation et de l&rsquo;humidit\u00e9 dans toutes les phases, supervision Wi-Fi \u00e0 distance.","og_url":"https:\/\/staging.gemm-srl.com\/fr\/fermentation-controlee\/planet-chambres\/cl1-1311\/","og_site_name":"Gemm srl","article_publisher":"https:\/\/www.facebook.com\/people\/GEMM-SRL\/100065046666797\/","article_modified_time":"2025-05-15T05:36:54+00:00","og_image":[{"width":567,"height":480,"url":"https:\/\/staging.gemm-srl.com\/wp-content\/uploads\/2025\/01\/CL1_1311_f.jpg","type":"image\/jpeg"}],"twitter_card":"summary_large_image","schema":{"@context":"https:\/\/schema.org","@graph":[{"@type":"WebPage","@id":"https:\/\/staging.gemm-srl.com\/fr\/fermentation-controlee\/planet-chambres\/cl1-1311\/","url":"https:\/\/staging.gemm-srl.com\/fr\/fermentation-controlee\/planet-chambres\/cl1-1311\/","name":"CL1\/1311 - Gemm srl","isPartOf":{"@id":"https:\/\/staging.gemm-srl.com\/fr\/#website"},"primaryImageOfPage":{"@id":"https:\/\/staging.gemm-srl.com\/fr\/fermentation-controlee\/planet-chambres\/cl1-1311\/#primaryimage"},"image":{"@id":"https:\/\/staging.gemm-srl.com\/fr\/fermentation-controlee\/planet-chambres\/cl1-1311\/#primaryimage"},"thumbnailUrl":"https:\/\/staging.gemm-srl.com\/wp-content\/uploads\/2025\/01\/CL1_1311_f.jpg","datePublished":"2024-07-29T10:17:01+00:00","dateModified":"2025-05-15T05:36:54+00:00","breadcrumb":{"@id":"https:\/\/staging.gemm-srl.com\/fr\/fermentation-controlee\/planet-chambres\/cl1-1311\/#breadcrumb"},"inLanguage":"fr-FR","potentialAction":[{"@type":"ReadAction","target":["https:\/\/staging.gemm-srl.com\/fr\/fermentation-controlee\/planet-chambres\/cl1-1311\/"]}]},{"@type":"ImageObject","inLanguage":"fr-FR","@id":"https:\/\/staging.gemm-srl.com\/fr\/fermentation-controlee\/planet-chambres\/cl1-1311\/#primaryimage","url":"https:\/\/staging.gemm-srl.com\/wp-content\/uploads\/2025\/01\/CL1_1311_f.jpg","contentUrl":"https:\/\/staging.gemm-srl.com\/wp-content\/uploads\/2025\/01\/CL1_1311_f.jpg","width":567,"height":480},{"@type":"BreadcrumbList","@id":"https:\/\/staging.gemm-srl.com\/fr\/fermentation-controlee\/planet-chambres\/cl1-1311\/#breadcrumb","itemListElement":[{"@type":"ListItem","position":1,"name":"Home","item":"https:\/\/staging.gemm-srl.com\/fr\/"},{"@type":"ListItem","position":2,"name":"Produits","item":"https:\/\/staging.gemm-srl.com\/fr\/produits\/"},{"@type":"ListItem","position":3,"name":"Fermentation contr\u00f4l\u00e9e","item":"https:\/\/staging.gemm-srl.com\/fr\/fermentation-controlee\/"},{"@type":"ListItem","position":4,"name":"Planet Chambres","item":"https:\/\/staging.gemm-srl.com\/fr\/fermentation-controlee\/planet-chambres\/"},{"@type":"ListItem","position":5,"name":"CL1\/1311"}]},{"@type":"WebSite","@id":"https:\/\/staging.gemm-srl.com\/fr\/#website","url":"https:\/\/staging.gemm-srl.com\/fr\/","name":"Gemm srl","description":"Sistemi refrigerati professionali di alta qualit\u00e0","publisher":{"@id":"https:\/\/staging.gemm-srl.com\/fr\/#organization"},"potentialAction":[{"@type":"SearchAction","target":{"@type":"EntryPoint","urlTemplate":"https:\/\/staging.gemm-srl.com\/fr\/?s={search_term_string}"},"query-input":{"@type":"PropertyValueSpecification","valueRequired":true,"valueName":"search_term_string"}}],"inLanguage":"fr-FR"},{"@type":"Organization","@id":"https:\/\/staging.gemm-srl.com\/fr\/#organization","name":"Gemm srl","url":"https:\/\/staging.gemm-srl.com\/fr\/","logo":{"@type":"ImageObject","inLanguage":"fr-FR","@id":"https:\/\/staging.gemm-srl.com\/fr\/#\/schema\/logo\/image\/","url":"https:\/\/staging.gemm-srl.com\/wp-content\/uploads\/2020\/11\/logo_nero.png","contentUrl":"https:\/\/staging.gemm-srl.com\/wp-content\/uploads\/2020\/11\/logo_nero.png","width":250,"height":59,"caption":"Gemm srl"},"image":{"@id":"https:\/\/staging.gemm-srl.com\/fr\/#\/schema\/logo\/image\/"},"sameAs":["https:\/\/www.facebook.com\/people\/GEMM-SRL\/100065046666797\/","https:\/\/www.youtube.com\/@gemmsrl","https:\/\/www.linkedin.com\/company\/gemm-s.r.l.\/","https:\/\/www.instagram.com\/gemmsrl\/"]}]}},"_links":{"self":[{"href":"https:\/\/staging.gemm-srl.com\/fr\/wp-json\/wp\/v2\/product\/47626","targetHints":{"allow":["GET"]}}],"collection":[{"href":"https:\/\/staging.gemm-srl.com\/fr\/wp-json\/wp\/v2\/product"}],"about":[{"href":"https:\/\/staging.gemm-srl.com\/fr\/wp-json\/wp\/v2\/types\/product"}],"wp:featuredmedia":[{"embeddable":true,"href":"https:\/\/staging.gemm-srl.com\/fr\/wp-json\/wp\/v2\/media\/147766"}],"wp:attachment":[{"href":"https:\/\/staging.gemm-srl.com\/fr\/wp-json\/wp\/v2\/media?parent=47626"}],"wp:term":[{"taxonomy":"product_brand","embeddable":true,"href":"https:\/\/staging.gemm-srl.com\/fr\/wp-json\/wp\/v2\/product_brand?post=47626"},{"taxonomy":"product_cat","embeddable":true,"href":"https:\/\/staging.gemm-srl.com\/fr\/wp-json\/wp\/v2\/product_cat?post=47626"},{"taxonomy":"product_tag","embeddable":true,"href":"https:\/\/staging.gemm-srl.com\/fr\/wp-json\/wp\/v2\/product_tag?post=47626"}],"curies":[{"name":"wp","href":"https:\/\/api.w.org\/{rel}","templated":true}]}}