{"id":39175,"date":"2024-07-25T09:42:58","date_gmt":"2024-07-25T07:42:58","guid":{"rendered":"https:\/\/staging.gemm-srl.com\/unkategorisiert\/wd7-121\/"},"modified":"2025-05-15T05:36:57","modified_gmt":"2025-05-15T03:36:57","slug":"wd7-121","status":"publish","type":"product","link":"https:\/\/staging.gemm-srl.com\/de\/vetrine-vino-en\/wine-display-en\/wd7-121\/","title":{"rendered":"WD7\/121"},"content":{"rendered":"<p>K\u00dcHLVITRINE F\u00dcR WEINPR\u00c4SENTATION: maximale Flaschenkapazit\u00e4t 224. Kompakt und elegant, aus Edelstahl mit hochdichter Polyurethan-Isolierung hergestellt, im bel\u00fcfteten oder statischen Modus kann es bei der richtigen Temperatur verschiedene Arten von Weinen halten. Dank der Ganzglast\u00fcr mit Anti-Beschlag-Vorrichtung und wei\u00dfer LED-Beleuchtung (oder warm auf Anfrage ) kann die Vitrine jede Flasche hervorheben.<\/p>\n","protected":false},"excerpt":{"rendered":"<p>K\u00dcHLVITRINE F\u00dcR WEINPR\u00c4SENTATION: maximale Flaschenkapazit\u00e4t 224. Kompakt und elegant, aus Edelstahl mit hochdichter Polyurethan-Isolierung hergestellt, im bel\u00fcfteten oder statischen Modus kann es bei der richtigen Temperatur verschiedene Arten von Weinen halten. Dank der Ganzglast\u00fcr mit Anti-Beschlag-Vorrichtung und wei\u00dfer LED-Beleuchtung (oder warm auf Anfrage ) kann die Vitrine jede Flasche hervorheben.<\/p>\n","protected":false},"featured_media":148612,"template":"","meta":{"_acf_changed":false},"product_brand":[],"product_cat":[1088],"product_tag":[1132],"class_list":{"0":"post-39175","1":"product","2":"type-product","3":"status-publish","4":"has-post-thumbnail","6":"product_cat-wine-display-en","7":"product_tag-wine-display-en","9":"first","10":"instock","11":"purchasable","12":"product-type-simple"},"acf":{"titolo_h2":"MIT R\u00dcCKWAND AUSF\u00dcHRUNG","tipo":"","video":"","file_privati":null,"file_pubblici":null,"scheda_tecnica":"https:\/\/gemm.datipro.it\/pdf-datasheet\/de\/60001045","depliant":"https:\/\/gemm.datipro.it\/pdf-depliant\/BRERA_2023_EN-DE-RU.pdf","struttura_info":"CNS Monocoque Struktur","posizione_vano_tecnico":"versenkt, am Boden","tipo_di_refrigerazione_info":"Umluft oder statische","elettronica_info":"2.8'' Touch Bedienfeld, Digitalanzeige","sbrinamento_info":"durch Pause","evaporazione_acqua_di_condensa_info":"automatisch","allestimenti_a_richiesta":"Farbausf\u00fchrung auf Anfrage","dotazione_info":"","esclusioni_info":"Flaschenhalterstrukturen","spessore_di_isolamento_info":"50","passo_guide_info":"","posizioni_su_cremagliera":"","piano_di_lavoro_inox_info":"","tipo_serratura":"JA","illuminazione":"JA, 6000K (auf Anfrage 2700K)","controllo_ventilazione":"NEIN","controllo_umidita":"NEIN","umidita_relativa":"","gas_info":"R290","tensione_info":"1x230V ~ 50Hz","classe_climatica_info":"4","elenco_accessori":[{"accessori":"60001145 - Feste Flaschen CNS-Struktur f\u00fcr WD7\/121 aus satiniertem Vierkantrohr (Kapazit\u00e4t: 120 Flaschen)."},{"accessori":"60001155 - CNS Abdeckung cm 81x70x2h"},{"accessori":"60002105 - CNS Abdeckung f\u00fcr Vitrine DA-SF7"},{"accessori":"60002200 - Lackierte Ausf\u00fchrung WD DA SF (Mehrpreis)"},{"accessori":"60002190 - Dimmer f\u00fcr die Regelung der Led Beleuchtungen f\u00fcr WD"},{"accessori":"60002180 - Kit verdeckten Rollen"},{"accessori":"40200180Kondensatoreinheit HP 1\/4 f\u00fcr WD DA SF (Entfernung \u2264 10m)"},{"accessori":"45000565 - "},{"accessori":"40200560 - Frequenz 60Hz"}],"immagini_portabottiglie":null,"strutture_portabottiglie":null,"soluzioni_portabottiglie":null},"yoast_head":"<!-- This site is optimized with the Yoast SEO plugin v25.1 - https:\/\/yoast.com\/wordpress\/plugins\/seo\/ -->\n<title>WD7\/121 - Gemm srl<\/title>\n<meta name=\"robots\" content=\"index, follow, max-snippet:-1, max-image-preview:large, max-video-preview:-1\" \/>\n<link rel=\"canonical\" href=\"https:\/\/staging.gemm-srl.com\/de\/vetrine-vino-en\/wine-display-en\/wd7-121\/\" \/>\n<meta property=\"og:locale\" content=\"de_DE\" \/>\n<meta property=\"og:type\" content=\"article\" \/>\n<meta property=\"og:title\" content=\"WD7\/121 - Gemm srl\" \/>\n<meta property=\"og:description\" content=\"K\u00dcHLVITRINE F\u00dcR WEINPR\u00c4SENTATION: maximale Flaschenkapazit\u00e4t 224. Kompakt und elegant, aus Edelstahl mit hochdichter Polyurethan-Isolierung hergestellt, im bel\u00fcfteten oder statischen Modus kann es bei der richtigen Temperatur verschiedene Arten von Weinen halten. Dank der Ganzglast\u00fcr mit Anti-Beschlag-Vorrichtung und wei\u00dfer LED-Beleuchtung (oder warm auf Anfrage ) kann die Vitrine jede Flasche hervorheben.\" \/>\n<meta property=\"og:url\" content=\"https:\/\/staging.gemm-srl.com\/de\/vetrine-vino-en\/wine-display-en\/wd7-121\/\" \/>\n<meta property=\"og:site_name\" content=\"Gemm srl\" \/>\n<meta property=\"article:publisher\" content=\"https:\/\/www.facebook.com\/people\/GEMM-SRL\/100065046666797\/\" \/>\n<meta property=\"article:modified_time\" content=\"2025-05-15T03:36:57+00:00\" \/>\n<meta property=\"og:image\" content=\"https:\/\/staging.gemm-srl.com\/wp-content\/uploads\/2025\/03\/WD7_121_PROVA-scaled.jpg\" \/>\n\t<meta property=\"og:image:width\" content=\"2560\" \/>\n\t<meta property=\"og:image:height\" content=\"2560\" \/>\n\t<meta property=\"og:image:type\" content=\"image\/jpeg\" \/>\n<meta name=\"twitter:card\" content=\"summary_large_image\" \/>\n<script type=\"application\/ld+json\" class=\"yoast-schema-graph\">{\"@context\":\"https:\/\/schema.org\",\"@graph\":[{\"@type\":\"WebPage\",\"@id\":\"https:\/\/staging.gemm-srl.com\/de\/vetrine-vino-en\/wine-display-en\/wd7-121\/\",\"url\":\"https:\/\/staging.gemm-srl.com\/de\/vetrine-vino-en\/wine-display-en\/wd7-121\/\",\"name\":\"WD7\/121 - Gemm srl\",\"isPartOf\":{\"@id\":\"https:\/\/staging.gemm-srl.com\/de\/#website\"},\"primaryImageOfPage\":{\"@id\":\"https:\/\/staging.gemm-srl.com\/de\/vetrine-vino-en\/wine-display-en\/wd7-121\/#primaryimage\"},\"image\":{\"@id\":\"https:\/\/staging.gemm-srl.com\/de\/vetrine-vino-en\/wine-display-en\/wd7-121\/#primaryimage\"},\"thumbnailUrl\":\"https:\/\/staging.gemm-srl.com\/wp-content\/uploads\/2025\/03\/WD7_121_PROVA-scaled.jpg\",\"datePublished\":\"2024-07-25T07:42:58+00:00\",\"dateModified\":\"2025-05-15T03:36:57+00:00\",\"breadcrumb\":{\"@id\":\"https:\/\/staging.gemm-srl.com\/de\/vetrine-vino-en\/wine-display-en\/wd7-121\/#breadcrumb\"},\"inLanguage\":\"de\",\"potentialAction\":[{\"@type\":\"ReadAction\",\"target\":[\"https:\/\/staging.gemm-srl.com\/de\/vetrine-vino-en\/wine-display-en\/wd7-121\/\"]}]},{\"@type\":\"ImageObject\",\"inLanguage\":\"de\",\"@id\":\"https:\/\/staging.gemm-srl.com\/de\/vetrine-vino-en\/wine-display-en\/wd7-121\/#primaryimage\",\"url\":\"https:\/\/staging.gemm-srl.com\/wp-content\/uploads\/2025\/03\/WD7_121_PROVA-scaled.jpg\",\"contentUrl\":\"https:\/\/staging.gemm-srl.com\/wp-content\/uploads\/2025\/03\/WD7_121_PROVA-scaled.jpg\",\"width\":2560,\"height\":2560},{\"@type\":\"BreadcrumbList\",\"@id\":\"https:\/\/staging.gemm-srl.com\/de\/vetrine-vino-en\/wine-display-en\/wd7-121\/#breadcrumb\",\"itemListElement\":[{\"@type\":\"ListItem\",\"position\":1,\"name\":\"Home\",\"item\":\"https:\/\/staging.gemm-srl.com\/de\/\"},{\"@type\":\"ListItem\",\"position\":2,\"name\":\"Produkte\",\"item\":\"https:\/\/staging.gemm-srl.com\/de\/produkte\/\"},{\"@type\":\"ListItem\",\"position\":3,\"name\":\"Weinkeller\",\"item\":\"https:\/\/staging.gemm-srl.com\/de\/weinkeller\/\"},{\"@type\":\"ListItem\",\"position\":4,\"name\":\"Wine Display\",\"item\":\"https:\/\/staging.gemm-srl.com\/de\/weinkeller\/wine-display-de-2\/\"},{\"@type\":\"ListItem\",\"position\":5,\"name\":\"WD7\/121\"}]},{\"@type\":\"WebSite\",\"@id\":\"https:\/\/staging.gemm-srl.com\/de\/#website\",\"url\":\"https:\/\/staging.gemm-srl.com\/de\/\",\"name\":\"Gemm srl\",\"description\":\"Sistemi refrigerati professionali di alta qualit\u00e0\",\"publisher\":{\"@id\":\"https:\/\/staging.gemm-srl.com\/de\/#organization\"},\"potentialAction\":[{\"@type\":\"SearchAction\",\"target\":{\"@type\":\"EntryPoint\",\"urlTemplate\":\"https:\/\/staging.gemm-srl.com\/de\/?s={search_term_string}\"},\"query-input\":{\"@type\":\"PropertyValueSpecification\",\"valueRequired\":true,\"valueName\":\"search_term_string\"}}],\"inLanguage\":\"de\"},{\"@type\":\"Organization\",\"@id\":\"https:\/\/staging.gemm-srl.com\/de\/#organization\",\"name\":\"Gemm srl\",\"url\":\"https:\/\/staging.gemm-srl.com\/de\/\",\"logo\":{\"@type\":\"ImageObject\",\"inLanguage\":\"de\",\"@id\":\"https:\/\/staging.gemm-srl.com\/de\/#\/schema\/logo\/image\/\",\"url\":\"https:\/\/staging.gemm-srl.com\/wp-content\/uploads\/2020\/11\/logo_nero.png\",\"contentUrl\":\"https:\/\/staging.gemm-srl.com\/wp-content\/uploads\/2020\/11\/logo_nero.png\",\"width\":250,\"height\":59,\"caption\":\"Gemm srl\"},\"image\":{\"@id\":\"https:\/\/staging.gemm-srl.com\/de\/#\/schema\/logo\/image\/\"},\"sameAs\":[\"https:\/\/www.facebook.com\/people\/GEMM-SRL\/100065046666797\/\",\"https:\/\/www.youtube.com\/@gemmsrl\",\"https:\/\/www.linkedin.com\/company\/gemm-s.r.l.\/\",\"https:\/\/www.instagram.com\/gemmsrl\/\"]}]}<\/script>\n<!-- \/ Yoast SEO plugin. -->","yoast_head_json":{"title":"WD7\/121 - Gemm srl","robots":{"index":"index","follow":"follow","max-snippet":"max-snippet:-1","max-image-preview":"max-image-preview:large","max-video-preview":"max-video-preview:-1"},"canonical":"https:\/\/staging.gemm-srl.com\/de\/vetrine-vino-en\/wine-display-en\/wd7-121\/","og_locale":"de_DE","og_type":"article","og_title":"WD7\/121 - Gemm srl","og_description":"K\u00dcHLVITRINE F\u00dcR WEINPR\u00c4SENTATION: maximale Flaschenkapazit\u00e4t 224. Kompakt und elegant, aus Edelstahl mit hochdichter Polyurethan-Isolierung hergestellt, im bel\u00fcfteten oder statischen Modus kann es bei der richtigen Temperatur verschiedene Arten von Weinen halten. Dank der Ganzglast\u00fcr mit Anti-Beschlag-Vorrichtung und wei\u00dfer LED-Beleuchtung (oder warm auf Anfrage ) kann die Vitrine jede Flasche hervorheben.","og_url":"https:\/\/staging.gemm-srl.com\/de\/vetrine-vino-en\/wine-display-en\/wd7-121\/","og_site_name":"Gemm srl","article_publisher":"https:\/\/www.facebook.com\/people\/GEMM-SRL\/100065046666797\/","article_modified_time":"2025-05-15T03:36:57+00:00","og_image":[{"width":2560,"height":2560,"url":"https:\/\/staging.gemm-srl.com\/wp-content\/uploads\/2025\/03\/WD7_121_PROVA-scaled.jpg","type":"image\/jpeg"}],"twitter_card":"summary_large_image","schema":{"@context":"https:\/\/schema.org","@graph":[{"@type":"WebPage","@id":"https:\/\/staging.gemm-srl.com\/de\/vetrine-vino-en\/wine-display-en\/wd7-121\/","url":"https:\/\/staging.gemm-srl.com\/de\/vetrine-vino-en\/wine-display-en\/wd7-121\/","name":"WD7\/121 - Gemm srl","isPartOf":{"@id":"https:\/\/staging.gemm-srl.com\/de\/#website"},"primaryImageOfPage":{"@id":"https:\/\/staging.gemm-srl.com\/de\/vetrine-vino-en\/wine-display-en\/wd7-121\/#primaryimage"},"image":{"@id":"https:\/\/staging.gemm-srl.com\/de\/vetrine-vino-en\/wine-display-en\/wd7-121\/#primaryimage"},"thumbnailUrl":"https:\/\/staging.gemm-srl.com\/wp-content\/uploads\/2025\/03\/WD7_121_PROVA-scaled.jpg","datePublished":"2024-07-25T07:42:58+00:00","dateModified":"2025-05-15T03:36:57+00:00","breadcrumb":{"@id":"https:\/\/staging.gemm-srl.com\/de\/vetrine-vino-en\/wine-display-en\/wd7-121\/#breadcrumb"},"inLanguage":"de","potentialAction":[{"@type":"ReadAction","target":["https:\/\/staging.gemm-srl.com\/de\/vetrine-vino-en\/wine-display-en\/wd7-121\/"]}]},{"@type":"ImageObject","inLanguage":"de","@id":"https:\/\/staging.gemm-srl.com\/de\/vetrine-vino-en\/wine-display-en\/wd7-121\/#primaryimage","url":"https:\/\/staging.gemm-srl.com\/wp-content\/uploads\/2025\/03\/WD7_121_PROVA-scaled.jpg","contentUrl":"https:\/\/staging.gemm-srl.com\/wp-content\/uploads\/2025\/03\/WD7_121_PROVA-scaled.jpg","width":2560,"height":2560},{"@type":"BreadcrumbList","@id":"https:\/\/staging.gemm-srl.com\/de\/vetrine-vino-en\/wine-display-en\/wd7-121\/#breadcrumb","itemListElement":[{"@type":"ListItem","position":1,"name":"Home","item":"https:\/\/staging.gemm-srl.com\/de\/"},{"@type":"ListItem","position":2,"name":"Produkte","item":"https:\/\/staging.gemm-srl.com\/de\/produkte\/"},{"@type":"ListItem","position":3,"name":"Weinkeller","item":"https:\/\/staging.gemm-srl.com\/de\/weinkeller\/"},{"@type":"ListItem","position":4,"name":"Wine Display","item":"https:\/\/staging.gemm-srl.com\/de\/weinkeller\/wine-display-de-2\/"},{"@type":"ListItem","position":5,"name":"WD7\/121"}]},{"@type":"WebSite","@id":"https:\/\/staging.gemm-srl.com\/de\/#website","url":"https:\/\/staging.gemm-srl.com\/de\/","name":"Gemm srl","description":"Sistemi refrigerati professionali di alta qualit\u00e0","publisher":{"@id":"https:\/\/staging.gemm-srl.com\/de\/#organization"},"potentialAction":[{"@type":"SearchAction","target":{"@type":"EntryPoint","urlTemplate":"https:\/\/staging.gemm-srl.com\/de\/?s={search_term_string}"},"query-input":{"@type":"PropertyValueSpecification","valueRequired":true,"valueName":"search_term_string"}}],"inLanguage":"de"},{"@type":"Organization","@id":"https:\/\/staging.gemm-srl.com\/de\/#organization","name":"Gemm srl","url":"https:\/\/staging.gemm-srl.com\/de\/","logo":{"@type":"ImageObject","inLanguage":"de","@id":"https:\/\/staging.gemm-srl.com\/de\/#\/schema\/logo\/image\/","url":"https:\/\/staging.gemm-srl.com\/wp-content\/uploads\/2020\/11\/logo_nero.png","contentUrl":"https:\/\/staging.gemm-srl.com\/wp-content\/uploads\/2020\/11\/logo_nero.png","width":250,"height":59,"caption":"Gemm srl"},"image":{"@id":"https:\/\/staging.gemm-srl.com\/de\/#\/schema\/logo\/image\/"},"sameAs":["https:\/\/www.facebook.com\/people\/GEMM-SRL\/100065046666797\/","https:\/\/www.youtube.com\/@gemmsrl","https:\/\/www.linkedin.com\/company\/gemm-s.r.l.\/","https:\/\/www.instagram.com\/gemmsrl\/"]}]}},"_links":{"self":[{"href":"https:\/\/staging.gemm-srl.com\/de\/wp-json\/wp\/v2\/product\/39175","targetHints":{"allow":["GET"]}}],"collection":[{"href":"https:\/\/staging.gemm-srl.com\/de\/wp-json\/wp\/v2\/product"}],"about":[{"href":"https:\/\/staging.gemm-srl.com\/de\/wp-json\/wp\/v2\/types\/product"}],"wp:featuredmedia":[{"embeddable":true,"href":"https:\/\/staging.gemm-srl.com\/de\/wp-json\/wp\/v2\/media\/148612"}],"wp:attachment":[{"href":"https:\/\/staging.gemm-srl.com\/de\/wp-json\/wp\/v2\/media?parent=39175"}],"wp:term":[{"taxonomy":"product_brand","embeddable":true,"href":"https:\/\/staging.gemm-srl.com\/de\/wp-json\/wp\/v2\/product_brand?post=39175"},{"taxonomy":"product_cat","embeddable":true,"href":"https:\/\/staging.gemm-srl.com\/de\/wp-json\/wp\/v2\/product_cat?post=39175"},{"taxonomy":"product_tag","embeddable":true,"href":"https:\/\/staging.gemm-srl.com\/de\/wp-json\/wp\/v2\/product_tag?post=39175"}],"curies":[{"name":"wp","href":"https:\/\/api.w.org\/{rel}","templated":true}]}}