{"id":37870,"date":"2024-04-15T11:27:34","date_gmt":"2024-04-15T09:27:34","guid":{"rendered":"https:\/\/staging.gemm-srl.com\/?post_type=product&#038;p=37870"},"modified":"2025-05-15T05:36:30","modified_gmt":"2025-05-15T03:36:30","slug":"wd5-113","status":"publish","type":"product","link":"https:\/\/staging.gemm-srl.com\/de\/vetrine-vino-en\/wine-display-en\/wd5-113\/","title":{"rendered":"WD5\/113"},"content":{"rendered":"<p>K\u00dcHLVITRINE F\u00dcR WEINPR\u00c4SENTATION: maximale Flaschenkapazit\u00e4t 80. Kompakt und elegant, aus Edelstahl mit hochdichter Polyurethan-Isolierung hergestellt und mit bel\u00fcfteter oder statischer K\u00fchlung, kann es bei der richtigen Temperatur verschiedene Arten von Weinen halten. Dank der Ganzglast\u00fcr mit Anti-Beschlag-Vorrichtung und wei\u00dfer LED-Beleuchtung (oder warm auf Anfrage ) kann die Vitrine jede Flasche hervorheben.<\/p>\n","protected":false},"excerpt":{"rendered":"<p>K\u00dcHLVITRINE F\u00dcR WEINPR\u00c4SENTATION: maximale Flaschenkapazit\u00e4t 80. Kompakt und elegant, aus Edelstahl mit hochdichter Polyurethan-Isolierung hergestellt und mit bel\u00fcfteter oder statischer K\u00fchlung, kann es bei der richtigen Temperatur verschiedene Arten von Weinen halten. Dank der Ganzglast\u00fcr mit Anti-Beschlag-Vorrichtung und wei\u00dfer LED-Beleuchtung (oder warm auf Anfrage ) kann die Vitrine jede Flasche hervorheben.<\/p>\n","protected":false},"featured_media":148602,"template":"","meta":{"_acf_changed":false},"product_brand":[],"product_cat":[1088],"product_tag":[1132],"class_list":{"0":"post-37870","1":"product","2":"type-product","3":"status-publish","4":"has-post-thumbnail","6":"product_cat-wine-display-en","7":"product_tag-wine-display-en","9":"first","10":"instock","11":"purchasable","12":"product-type-simple"},"acf":{"titolo_h2":"MIT R\u00dcCKWAND AUSF\u00dcHRUNG","tipo":"WINE DISPLAY","video":"","file_privati":"","file_pubblici":["",""],"scheda_tecnica":"https:\/\/gemm.datipro.it\/pdf-datasheet\/de\/60001030","depliant":"https:\/\/gemm.datipro.it\/pdf-depliant\/BRERA_2023_EN-DE-RU.pdf","struttura_info":"CNS Monocoque Struktur","posizione_vano_tecnico":"versenkt, am Boden","tipo_di_refrigerazione_info":"Umluft oder statische","elettronica_info":"2.8'' Touch Bedienfeld, Digitalanzeige","sbrinamento_info":"durch Pause","evaporazione_acqua_di_condensa_info":"automatisch","allestimenti_a_richiesta":"Farbausf\u00fchrung auf Anfrage","dotazione_info":"","esclusioni_info":"Flaschenhalterstrukturen","spessore_di_isolamento_info":"50","passo_guide_info":"","posizioni_su_cremagliera":"","piano_di_lavoro_inox_info":"","tipo_serratura":"JA","illuminazione":"JA, 6000K (auf Anfrage 2700K)","controllo_ventilazione":"NEIN","controllo_umidita":"NEIN","umidita_relativa":"","gas_info":"R290","tensione_info":"1x230V ~ 50Hz","classe_climatica_info":"4","elenco_accessori":[{"accessori":"60001135 - Feste Flaschen CNS-Struktur f\u00fcr WD5\/113 aus satiniertem Vierkantrohr (Kapazit\u00e4t: 40 Flaschen)"},{"accessori":"60001100 - CNS Auflagenboden (no. 32 Flaschen) f\u00fcr WD5\/"},{"accessori":"60001110 - Rohr - Auflagenboden (no. 24 Flaschen) f\u00fcr WD5\/"},{"accessori":"60001150 - CNS Abdeckung cm 81x50x2h"},{"accessori":"60002200 - Lackierte Ausf\u00fchrung WD DA SF (Mehrpreis)"},{"accessori":"60002180 - Kit verdeckten Rollen"},{"accessori":"40200180Kondensatoreinheit HP 1\/4 f\u00fcr WD DA SF (Entfernung \u2264 10m)"},{"accessori":"45000565 - "},{"accessori":"40200560 - Frequenz 60Hz"}],"immagini_portabottiglie":[37907,37912],"strutture_portabottiglie":[{"nome_struttura":"WR5\/01: Ripiano forato in acciaio inox AISI 304 18\/10, max 24 bottiglie"},{"nome_struttura":"WT5\/02: Struttura orizzontale tubi inox AISI 304 18\/10, max 24 bottiglie"}],"soluzioni_portabottiglie":[{"descrizione_soluzione":"2 WR5\/01"},{"descrizione_soluzione":"2 WT5\/02 "},{"descrizione_soluzione":"1 WR5\/01 + 1 WT5\/02"}]},"yoast_head":"<!-- This site is optimized with the Yoast SEO plugin v25.1 - https:\/\/yoast.com\/wordpress\/plugins\/seo\/ -->\n<title>WD5\/113 - Gemm srl<\/title>\n<meta name=\"description\" content=\"Gli espositori per vino Wine Display hanno un design elegante e raffinato, dimensioni ridotte e assicurano grande sicurezza. Entra nel mondo Brera!s\" \/>\n<meta name=\"robots\" content=\"index, follow, max-snippet:-1, max-image-preview:large, max-video-preview:-1\" \/>\n<link rel=\"canonical\" href=\"https:\/\/staging.gemm-srl.com\/de\/vetrine-vino-en\/wine-display-en\/wd5-113\/\" \/>\n<meta property=\"og:locale\" content=\"de_DE\" \/>\n<meta property=\"og:type\" content=\"article\" \/>\n<meta property=\"og:title\" content=\"WD5\/113 - Gemm srl\" \/>\n<meta property=\"og:description\" content=\"Gli espositori per vino Wine Display hanno un design elegante e raffinato, dimensioni ridotte e assicurano grande sicurezza. Entra nel mondo Brera!s\" \/>\n<meta property=\"og:url\" content=\"https:\/\/staging.gemm-srl.com\/de\/vetrine-vino-en\/wine-display-en\/wd5-113\/\" \/>\n<meta property=\"og:site_name\" content=\"Gemm srl\" \/>\n<meta property=\"article:publisher\" content=\"https:\/\/www.facebook.com\/people\/GEMM-SRL\/100065046666797\/\" \/>\n<meta property=\"article:modified_time\" content=\"2025-05-15T03:36:30+00:00\" \/>\n<meta property=\"og:image\" content=\"https:\/\/staging.gemm-srl.com\/wp-content\/uploads\/2025\/03\/WD5_113_PROVA-scaled.jpg\" \/>\n\t<meta property=\"og:image:width\" content=\"2560\" \/>\n\t<meta property=\"og:image:height\" content=\"2560\" \/>\n\t<meta property=\"og:image:type\" content=\"image\/jpeg\" \/>\n<meta name=\"twitter:card\" content=\"summary_large_image\" \/>\n<meta name=\"twitter:label1\" content=\"Gesch\u00e4tzte Lesezeit\" \/>\n\t<meta name=\"twitter:data1\" content=\"1\u00a0Minute\" \/>\n<script type=\"application\/ld+json\" class=\"yoast-schema-graph\">{\"@context\":\"https:\/\/schema.org\",\"@graph\":[{\"@type\":\"WebPage\",\"@id\":\"https:\/\/staging.gemm-srl.com\/de\/vetrine-vino-en\/wine-display-en\/wd5-113\/\",\"url\":\"https:\/\/staging.gemm-srl.com\/de\/vetrine-vino-en\/wine-display-en\/wd5-113\/\",\"name\":\"WD5\/113 - Gemm srl\",\"isPartOf\":{\"@id\":\"https:\/\/staging.gemm-srl.com\/de\/#website\"},\"primaryImageOfPage\":{\"@id\":\"https:\/\/staging.gemm-srl.com\/de\/vetrine-vino-en\/wine-display-en\/wd5-113\/#primaryimage\"},\"image\":{\"@id\":\"https:\/\/staging.gemm-srl.com\/de\/vetrine-vino-en\/wine-display-en\/wd5-113\/#primaryimage\"},\"thumbnailUrl\":\"https:\/\/staging.gemm-srl.com\/wp-content\/uploads\/2025\/03\/WD5_113_PROVA-scaled.jpg\",\"datePublished\":\"2024-04-15T09:27:34+00:00\",\"dateModified\":\"2025-05-15T03:36:30+00:00\",\"description\":\"Gli espositori per vino Wine Display hanno un design elegante e raffinato, dimensioni ridotte e assicurano grande sicurezza. Entra nel mondo Brera!s\",\"breadcrumb\":{\"@id\":\"https:\/\/staging.gemm-srl.com\/de\/vetrine-vino-en\/wine-display-en\/wd5-113\/#breadcrumb\"},\"inLanguage\":\"de\",\"potentialAction\":[{\"@type\":\"ReadAction\",\"target\":[\"https:\/\/staging.gemm-srl.com\/de\/vetrine-vino-en\/wine-display-en\/wd5-113\/\"]}]},{\"@type\":\"ImageObject\",\"inLanguage\":\"de\",\"@id\":\"https:\/\/staging.gemm-srl.com\/de\/vetrine-vino-en\/wine-display-en\/wd5-113\/#primaryimage\",\"url\":\"https:\/\/staging.gemm-srl.com\/wp-content\/uploads\/2025\/03\/WD5_113_PROVA-scaled.jpg\",\"contentUrl\":\"https:\/\/staging.gemm-srl.com\/wp-content\/uploads\/2025\/03\/WD5_113_PROVA-scaled.jpg\",\"width\":2560,\"height\":2560},{\"@type\":\"BreadcrumbList\",\"@id\":\"https:\/\/staging.gemm-srl.com\/de\/vetrine-vino-en\/wine-display-en\/wd5-113\/#breadcrumb\",\"itemListElement\":[{\"@type\":\"ListItem\",\"position\":1,\"name\":\"Home\",\"item\":\"https:\/\/staging.gemm-srl.com\/de\/\"},{\"@type\":\"ListItem\",\"position\":2,\"name\":\"Produkte\",\"item\":\"https:\/\/staging.gemm-srl.com\/de\/produkte\/\"},{\"@type\":\"ListItem\",\"position\":3,\"name\":\"Weinkeller\",\"item\":\"https:\/\/staging.gemm-srl.com\/de\/weinkeller\/\"},{\"@type\":\"ListItem\",\"position\":4,\"name\":\"Wine Display\",\"item\":\"https:\/\/staging.gemm-srl.com\/de\/weinkeller\/wine-display-de-2\/\"},{\"@type\":\"ListItem\",\"position\":5,\"name\":\"WD5\/113\"}]},{\"@type\":\"WebSite\",\"@id\":\"https:\/\/staging.gemm-srl.com\/de\/#website\",\"url\":\"https:\/\/staging.gemm-srl.com\/de\/\",\"name\":\"Gemm srl\",\"description\":\"Sistemi refrigerati professionali di alta qualit\u00e0\",\"publisher\":{\"@id\":\"https:\/\/staging.gemm-srl.com\/de\/#organization\"},\"potentialAction\":[{\"@type\":\"SearchAction\",\"target\":{\"@type\":\"EntryPoint\",\"urlTemplate\":\"https:\/\/staging.gemm-srl.com\/de\/?s={search_term_string}\"},\"query-input\":{\"@type\":\"PropertyValueSpecification\",\"valueRequired\":true,\"valueName\":\"search_term_string\"}}],\"inLanguage\":\"de\"},{\"@type\":\"Organization\",\"@id\":\"https:\/\/staging.gemm-srl.com\/de\/#organization\",\"name\":\"Gemm srl\",\"url\":\"https:\/\/staging.gemm-srl.com\/de\/\",\"logo\":{\"@type\":\"ImageObject\",\"inLanguage\":\"de\",\"@id\":\"https:\/\/staging.gemm-srl.com\/de\/#\/schema\/logo\/image\/\",\"url\":\"https:\/\/staging.gemm-srl.com\/wp-content\/uploads\/2020\/11\/logo_nero.png\",\"contentUrl\":\"https:\/\/staging.gemm-srl.com\/wp-content\/uploads\/2020\/11\/logo_nero.png\",\"width\":250,\"height\":59,\"caption\":\"Gemm srl\"},\"image\":{\"@id\":\"https:\/\/staging.gemm-srl.com\/de\/#\/schema\/logo\/image\/\"},\"sameAs\":[\"https:\/\/www.facebook.com\/people\/GEMM-SRL\/100065046666797\/\",\"https:\/\/www.youtube.com\/@gemmsrl\",\"https:\/\/www.linkedin.com\/company\/gemm-s.r.l.\/\",\"https:\/\/www.instagram.com\/gemmsrl\/\"]}]}<\/script>\n<!-- \/ Yoast SEO plugin. -->","yoast_head_json":{"title":"WD5\/113 - Gemm srl","description":"Gli espositori per vino Wine Display hanno un design elegante e raffinato, dimensioni ridotte e assicurano grande sicurezza. Entra nel mondo Brera!s","robots":{"index":"index","follow":"follow","max-snippet":"max-snippet:-1","max-image-preview":"max-image-preview:large","max-video-preview":"max-video-preview:-1"},"canonical":"https:\/\/staging.gemm-srl.com\/de\/vetrine-vino-en\/wine-display-en\/wd5-113\/","og_locale":"de_DE","og_type":"article","og_title":"WD5\/113 - Gemm srl","og_description":"Gli espositori per vino Wine Display hanno un design elegante e raffinato, dimensioni ridotte e assicurano grande sicurezza. Entra nel mondo Brera!s","og_url":"https:\/\/staging.gemm-srl.com\/de\/vetrine-vino-en\/wine-display-en\/wd5-113\/","og_site_name":"Gemm srl","article_publisher":"https:\/\/www.facebook.com\/people\/GEMM-SRL\/100065046666797\/","article_modified_time":"2025-05-15T03:36:30+00:00","og_image":[{"width":2560,"height":2560,"url":"https:\/\/staging.gemm-srl.com\/wp-content\/uploads\/2025\/03\/WD5_113_PROVA-scaled.jpg","type":"image\/jpeg"}],"twitter_card":"summary_large_image","twitter_misc":{"Gesch\u00e4tzte Lesezeit":"1\u00a0Minute"},"schema":{"@context":"https:\/\/schema.org","@graph":[{"@type":"WebPage","@id":"https:\/\/staging.gemm-srl.com\/de\/vetrine-vino-en\/wine-display-en\/wd5-113\/","url":"https:\/\/staging.gemm-srl.com\/de\/vetrine-vino-en\/wine-display-en\/wd5-113\/","name":"WD5\/113 - Gemm srl","isPartOf":{"@id":"https:\/\/staging.gemm-srl.com\/de\/#website"},"primaryImageOfPage":{"@id":"https:\/\/staging.gemm-srl.com\/de\/vetrine-vino-en\/wine-display-en\/wd5-113\/#primaryimage"},"image":{"@id":"https:\/\/staging.gemm-srl.com\/de\/vetrine-vino-en\/wine-display-en\/wd5-113\/#primaryimage"},"thumbnailUrl":"https:\/\/staging.gemm-srl.com\/wp-content\/uploads\/2025\/03\/WD5_113_PROVA-scaled.jpg","datePublished":"2024-04-15T09:27:34+00:00","dateModified":"2025-05-15T03:36:30+00:00","description":"Gli espositori per vino Wine Display hanno un design elegante e raffinato, dimensioni ridotte e assicurano grande sicurezza. Entra nel mondo Brera!s","breadcrumb":{"@id":"https:\/\/staging.gemm-srl.com\/de\/vetrine-vino-en\/wine-display-en\/wd5-113\/#breadcrumb"},"inLanguage":"de","potentialAction":[{"@type":"ReadAction","target":["https:\/\/staging.gemm-srl.com\/de\/vetrine-vino-en\/wine-display-en\/wd5-113\/"]}]},{"@type":"ImageObject","inLanguage":"de","@id":"https:\/\/staging.gemm-srl.com\/de\/vetrine-vino-en\/wine-display-en\/wd5-113\/#primaryimage","url":"https:\/\/staging.gemm-srl.com\/wp-content\/uploads\/2025\/03\/WD5_113_PROVA-scaled.jpg","contentUrl":"https:\/\/staging.gemm-srl.com\/wp-content\/uploads\/2025\/03\/WD5_113_PROVA-scaled.jpg","width":2560,"height":2560},{"@type":"BreadcrumbList","@id":"https:\/\/staging.gemm-srl.com\/de\/vetrine-vino-en\/wine-display-en\/wd5-113\/#breadcrumb","itemListElement":[{"@type":"ListItem","position":1,"name":"Home","item":"https:\/\/staging.gemm-srl.com\/de\/"},{"@type":"ListItem","position":2,"name":"Produkte","item":"https:\/\/staging.gemm-srl.com\/de\/produkte\/"},{"@type":"ListItem","position":3,"name":"Weinkeller","item":"https:\/\/staging.gemm-srl.com\/de\/weinkeller\/"},{"@type":"ListItem","position":4,"name":"Wine Display","item":"https:\/\/staging.gemm-srl.com\/de\/weinkeller\/wine-display-de-2\/"},{"@type":"ListItem","position":5,"name":"WD5\/113"}]},{"@type":"WebSite","@id":"https:\/\/staging.gemm-srl.com\/de\/#website","url":"https:\/\/staging.gemm-srl.com\/de\/","name":"Gemm srl","description":"Sistemi refrigerati professionali di alta qualit\u00e0","publisher":{"@id":"https:\/\/staging.gemm-srl.com\/de\/#organization"},"potentialAction":[{"@type":"SearchAction","target":{"@type":"EntryPoint","urlTemplate":"https:\/\/staging.gemm-srl.com\/de\/?s={search_term_string}"},"query-input":{"@type":"PropertyValueSpecification","valueRequired":true,"valueName":"search_term_string"}}],"inLanguage":"de"},{"@type":"Organization","@id":"https:\/\/staging.gemm-srl.com\/de\/#organization","name":"Gemm srl","url":"https:\/\/staging.gemm-srl.com\/de\/","logo":{"@type":"ImageObject","inLanguage":"de","@id":"https:\/\/staging.gemm-srl.com\/de\/#\/schema\/logo\/image\/","url":"https:\/\/staging.gemm-srl.com\/wp-content\/uploads\/2020\/11\/logo_nero.png","contentUrl":"https:\/\/staging.gemm-srl.com\/wp-content\/uploads\/2020\/11\/logo_nero.png","width":250,"height":59,"caption":"Gemm srl"},"image":{"@id":"https:\/\/staging.gemm-srl.com\/de\/#\/schema\/logo\/image\/"},"sameAs":["https:\/\/www.facebook.com\/people\/GEMM-SRL\/100065046666797\/","https:\/\/www.youtube.com\/@gemmsrl","https:\/\/www.linkedin.com\/company\/gemm-s.r.l.\/","https:\/\/www.instagram.com\/gemmsrl\/"]}]}},"_links":{"self":[{"href":"https:\/\/staging.gemm-srl.com\/de\/wp-json\/wp\/v2\/product\/37870","targetHints":{"allow":["GET"]}}],"collection":[{"href":"https:\/\/staging.gemm-srl.com\/de\/wp-json\/wp\/v2\/product"}],"about":[{"href":"https:\/\/staging.gemm-srl.com\/de\/wp-json\/wp\/v2\/types\/product"}],"acf:attachment":[{"embeddable":true,"href":"https:\/\/staging.gemm-srl.com\/de\/wp-json\/wp\/v2\/media\/37912"},{"embeddable":true,"href":"https:\/\/staging.gemm-srl.com\/de\/wp-json\/wp\/v2\/media\/37907"}],"acf:post":[{"embeddable":true,"href":"https:\/\/staging.gemm-srl.com\/de\/wp-json\/wp\/v2\/product\/"}],"wp:featuredmedia":[{"embeddable":true,"href":"https:\/\/staging.gemm-srl.com\/de\/wp-json\/wp\/v2\/media\/148602"}],"wp:attachment":[{"href":"https:\/\/staging.gemm-srl.com\/de\/wp-json\/wp\/v2\/media?parent=37870"}],"wp:term":[{"taxonomy":"product_brand","embeddable":true,"href":"https:\/\/staging.gemm-srl.com\/de\/wp-json\/wp\/v2\/product_brand?post=37870"},{"taxonomy":"product_cat","embeddable":true,"href":"https:\/\/staging.gemm-srl.com\/de\/wp-json\/wp\/v2\/product_cat?post=37870"},{"taxonomy":"product_tag","embeddable":true,"href":"https:\/\/staging.gemm-srl.com\/de\/wp-json\/wp\/v2\/product_tag?post=37870"}],"curies":[{"name":"wp","href":"https:\/\/api.w.org\/{rel}","templated":true}]}}