{"id":36448,"date":"2022-06-06T15:07:36","date_gmt":"2022-06-06T13:07:36","guid":{"rendered":"https:\/\/staging.gemm-srl.com\/unkategorisiert\/bcc8027p\/"},"modified":"2025-05-15T05:00:33","modified_gmt":"2025-05-15T03:00:33","slug":"bcc8027p","status":"publish","type":"product","link":"https:\/\/staging.gemm-srl.com\/de\/schnellkuehler-schockfroster\/new-runner-maxi-de\/bcc8027p\/","title":{"rendered":"BCC\/8027P"},"content":{"rendered":"<p>SCHNELLK\u00dcHLER\/SCHOCKFROSTER F\u00dcR 2 STIKKENWAGEN GN 2\/1 &#8211; 600X800 VERST\u00c4RKT- Schnellk\u00fchler \/ Schockfroster zur schnellen Abk\u00fchlung der Kerntemperatur von Lebensmitteln: Schnellk\u00fchlleistung von +90\u00b0C auf +3\u00b0C in 90 Minuten und Schockfrostleistung von +90\u00b0C auf -18\u00b0C in 240 Minuten. Die multifunktionale und mehrsprachige elektronische Platine erm\u00f6glicht dank des grafischen 7-Zoll-Farb-Touchscreens die einfache Organisation von Arbeitszyklen, die Einstellung mehrerer Funktionen und die vollst\u00e4ndige Kontrolle \u00fcber die Schockk\u00fchlung sowie die Interaktion mit dem Wi-Fi-Ger\u00e4t (auf der Cloud-Plattform), um den Betrieb des Ger\u00e4ts zu \u00fcberwachen und zu \u00e4ndern oder Probleme aus der Ferne zu diagnostizieren (PC, Tablet oder Smartphone). Betriebstemperatur bis zum -40\u00b0C.<\/p>\n","protected":false},"excerpt":{"rendered":"<p>SCHNELLK\u00dcHLER\/SCHOCKFROSTER F\u00dcR 2 STIKKENWAGEN GN 2\/1 &#8211; 600X800 VERST\u00c4RKT- Schnellk\u00fchler \/ Schockfroster zur schnellen Abk\u00fchlung der Kerntemperatur von Lebensmitteln: Schnellk\u00fchlleistung von +90\u00b0C auf +3\u00b0C in 90 Minuten und Schockfrostleistung von +90\u00b0C auf -18\u00b0C in 240 Minuten. Die multifunktionale und mehrsprachige elektronische Platine erm\u00f6glicht dank des grafischen 7-Zoll-Farb-Touchscreens die einfache Organisation von Arbeitszyklen, die Einstellung mehrerer [&hellip;]<\/p>\n","protected":false},"featured_media":147007,"template":"","meta":{"_acf_changed":false},"product_brand":[],"product_cat":[2637],"product_tag":[758,765,766],"class_list":{"0":"post-36448","1":"product","2":"type-product","3":"status-publish","4":"has-post-thumbnail","6":"product_cat-new-runner-maxi-de","7":"product_tag-pasticceria-de","8":"product_tag-gelateria-de","9":"product_tag-ristorazione-de","11":"first","12":"instock","13":"purchasable","14":"product-type-simple"},"acf":{"titolo_h2":"","tipo":"PF","video":"","file_privati":[25373,25486],"file_pubblici":["",35660],"scheda_tecnica":"https:\/\/gemm.datipro.it\/pdf-datasheet\/de\/45100825","depliant":"","struttura_info":"Edelstahl","posizione_vano_tecnico":"oberes Installationsfach","tipo_di_refrigerazione_info":"schnellk\u00fchlleistung von +90\u00b0C auf +3\u00b0C in 90 Minuten und Schockfrostleistung von +90\u00b0C auf -18\u00b0C in 240 Minuten, betriebstemperatur bis zum -40\u00b0C","elettronica_info":"elektronische Steuerung mit 7''-Touchscreen","sbrinamento_info":"automatisch Abtauung mit Hei\u00dfgas","evaporazione_acqua_di_condensa_info":"Kondenswasserablaufrohr (Wasserablauf vorsehen)","allestimenti_a_richiesta":"","dotazione_info":"Einfahrtrampe f\u00fcr Wagen","esclusioni_info":"Wagen","spessore_di_isolamento_info":"100","passo_guide_info":"","posizioni_su_cremagliera":"","piano_di_lavoro_inox_info":"","tipo_serratura":"JA","illuminazione":"JA","controllo_ventilazione":"JA","controllo_umidita":"NEIN","umidita_relativa":"","gas_info":"","tensione_info":"3x400V ~ 50Hz","classe_climatica_info":"5","elenco_accessori":[{"accessori":"45100953 - Zus\u00e4tzliche Durchgangst\u00fcr f\u00fcr BCC\/6015(P) BCC\/8027(P) (Mehrpreis)"},{"accessori":"45100931 - Kondensatoreinheit mit Wasser gek\u00fchlt f\u00fcr BCC\/8027P (Mehrpreis)"},{"accessori":"45100963 - B\u00fchne L=110 cm BCC\/6015(P) BCC\/8027(P) (Mehrpreis)"},{"accessori":"45100973 - T\u00fcr mit linken Scharnieren f\u00fcr BCC\/6015(P) BCC\/8027(P) (Mehrpreis)"},{"accessori":"45100919 - Kit f\u00fcr Winter Temperaturen BCC\/8027P GT2\/ GT3\/ GT4\/ GT5\/ (Mehrpreis)"},{"accessori":"Ausf\u00fchrung ohne Verfl\u00fcssigungssatz f\u00fcr BCC\/8027P (Abzug)"},{"accessori":"40200560 - Frequenz 60Hz"}],"immagini_portabottiglie":null,"strutture_portabottiglie":null,"soluzioni_portabottiglie":null},"yoast_head":"<!-- This site is optimized with the Yoast SEO plugin v25.1 - https:\/\/yoast.com\/wordpress\/plugins\/seo\/ -->\n<title>BCC\/8027P - Gemm srl<\/title>\n<meta name=\"robots\" content=\"index, follow, max-snippet:-1, max-image-preview:large, max-video-preview:-1\" \/>\n<link rel=\"canonical\" href=\"https:\/\/staging.gemm-srl.com\/de\/schnellkuehler-schockfroster\/new-runner-maxi-de\/bcc8027p\/\" \/>\n<meta property=\"og:locale\" content=\"de_DE\" \/>\n<meta property=\"og:type\" content=\"article\" \/>\n<meta property=\"og:title\" content=\"BCC\/8027P - Gemm srl\" \/>\n<meta property=\"og:description\" content=\"SCHNELLK\u00dcHLER\/SCHOCKFROSTER F\u00dcR 2 STIKKENWAGEN GN 2\/1 &#8211; 600X800 VERST\u00c4RKT- Schnellk\u00fchler \/ Schockfroster zur schnellen Abk\u00fchlung der Kerntemperatur von Lebensmitteln: Schnellk\u00fchlleistung von +90\u00b0C auf +3\u00b0C in 90 Minuten und Schockfrostleistung von +90\u00b0C auf -18\u00b0C in 240 Minuten. Die multifunktionale und mehrsprachige elektronische Platine erm\u00f6glicht dank des grafischen 7-Zoll-Farb-Touchscreens die einfache Organisation von Arbeitszyklen, die Einstellung mehrerer [&hellip;]\" \/>\n<meta property=\"og:url\" content=\"https:\/\/staging.gemm-srl.com\/de\/schnellkuehler-schockfroster\/new-runner-maxi-de\/bcc8027p\/\" \/>\n<meta property=\"og:site_name\" content=\"Gemm srl\" \/>\n<meta property=\"article:publisher\" content=\"https:\/\/www.facebook.com\/people\/GEMM-SRL\/100065046666797\/\" \/>\n<meta property=\"article:modified_time\" content=\"2025-05-15T03:00:33+00:00\" \/>\n<meta property=\"og:image\" content=\"https:\/\/staging.gemm-srl.com\/wp-content\/uploads\/2025\/01\/BCC_8027P.jpg\" \/>\n\t<meta property=\"og:image:width\" content=\"657\" \/>\n\t<meta property=\"og:image:height\" content=\"657\" \/>\n\t<meta property=\"og:image:type\" content=\"image\/jpeg\" \/>\n<meta name=\"twitter:card\" content=\"summary_large_image\" \/>\n<meta name=\"twitter:label1\" content=\"Gesch\u00e4tzte Lesezeit\" \/>\n\t<meta name=\"twitter:data1\" content=\"1\u00a0Minute\" \/>\n<script type=\"application\/ld+json\" class=\"yoast-schema-graph\">{\"@context\":\"https:\/\/schema.org\",\"@graph\":[{\"@type\":\"WebPage\",\"@id\":\"https:\/\/staging.gemm-srl.com\/de\/schnellkuehler-schockfroster\/new-runner-maxi-de\/bcc8027p\/\",\"url\":\"https:\/\/staging.gemm-srl.com\/de\/schnellkuehler-schockfroster\/new-runner-maxi-de\/bcc8027p\/\",\"name\":\"BCC\/8027P - Gemm srl\",\"isPartOf\":{\"@id\":\"https:\/\/staging.gemm-srl.com\/de\/#website\"},\"primaryImageOfPage\":{\"@id\":\"https:\/\/staging.gemm-srl.com\/de\/schnellkuehler-schockfroster\/new-runner-maxi-de\/bcc8027p\/#primaryimage\"},\"image\":{\"@id\":\"https:\/\/staging.gemm-srl.com\/de\/schnellkuehler-schockfroster\/new-runner-maxi-de\/bcc8027p\/#primaryimage\"},\"thumbnailUrl\":\"https:\/\/staging.gemm-srl.com\/wp-content\/uploads\/2025\/01\/BCC_8027P.jpg\",\"datePublished\":\"2022-06-06T13:07:36+00:00\",\"dateModified\":\"2025-05-15T03:00:33+00:00\",\"breadcrumb\":{\"@id\":\"https:\/\/staging.gemm-srl.com\/de\/schnellkuehler-schockfroster\/new-runner-maxi-de\/bcc8027p\/#breadcrumb\"},\"inLanguage\":\"de\",\"potentialAction\":[{\"@type\":\"ReadAction\",\"target\":[\"https:\/\/staging.gemm-srl.com\/de\/schnellkuehler-schockfroster\/new-runner-maxi-de\/bcc8027p\/\"]}]},{\"@type\":\"ImageObject\",\"inLanguage\":\"de\",\"@id\":\"https:\/\/staging.gemm-srl.com\/de\/schnellkuehler-schockfroster\/new-runner-maxi-de\/bcc8027p\/#primaryimage\",\"url\":\"https:\/\/staging.gemm-srl.com\/wp-content\/uploads\/2025\/01\/BCC_8027P.jpg\",\"contentUrl\":\"https:\/\/staging.gemm-srl.com\/wp-content\/uploads\/2025\/01\/BCC_8027P.jpg\",\"width\":657,\"height\":657},{\"@type\":\"BreadcrumbList\",\"@id\":\"https:\/\/staging.gemm-srl.com\/de\/schnellkuehler-schockfroster\/new-runner-maxi-de\/bcc8027p\/#breadcrumb\",\"itemListElement\":[{\"@type\":\"ListItem\",\"position\":1,\"name\":\"Home\",\"item\":\"https:\/\/staging.gemm-srl.com\/de\/\"},{\"@type\":\"ListItem\",\"position\":2,\"name\":\"Produkte\",\"item\":\"https:\/\/staging.gemm-srl.com\/de\/produkte\/\"},{\"@type\":\"ListItem\",\"position\":3,\"name\":\"Schnellk\u00fchler \/ Schockfroster\",\"item\":\"https:\/\/staging.gemm-srl.com\/de\/schnellkuehler-schockfroster\/\"},{\"@type\":\"ListItem\",\"position\":4,\"name\":\"New Runner Maxi\",\"item\":\"https:\/\/staging.gemm-srl.com\/de\/schnellkuehler-schockfroster\/new-runner-maxi-de\/\"},{\"@type\":\"ListItem\",\"position\":5,\"name\":\"BCC\/8027P\"}]},{\"@type\":\"WebSite\",\"@id\":\"https:\/\/staging.gemm-srl.com\/de\/#website\",\"url\":\"https:\/\/staging.gemm-srl.com\/de\/\",\"name\":\"Gemm srl\",\"description\":\"Sistemi refrigerati professionali di alta qualit\u00e0\",\"publisher\":{\"@id\":\"https:\/\/staging.gemm-srl.com\/de\/#organization\"},\"potentialAction\":[{\"@type\":\"SearchAction\",\"target\":{\"@type\":\"EntryPoint\",\"urlTemplate\":\"https:\/\/staging.gemm-srl.com\/de\/?s={search_term_string}\"},\"query-input\":{\"@type\":\"PropertyValueSpecification\",\"valueRequired\":true,\"valueName\":\"search_term_string\"}}],\"inLanguage\":\"de\"},{\"@type\":\"Organization\",\"@id\":\"https:\/\/staging.gemm-srl.com\/de\/#organization\",\"name\":\"Gemm srl\",\"url\":\"https:\/\/staging.gemm-srl.com\/de\/\",\"logo\":{\"@type\":\"ImageObject\",\"inLanguage\":\"de\",\"@id\":\"https:\/\/staging.gemm-srl.com\/de\/#\/schema\/logo\/image\/\",\"url\":\"https:\/\/staging.gemm-srl.com\/wp-content\/uploads\/2020\/11\/logo_nero.png\",\"contentUrl\":\"https:\/\/staging.gemm-srl.com\/wp-content\/uploads\/2020\/11\/logo_nero.png\",\"width\":250,\"height\":59,\"caption\":\"Gemm srl\"},\"image\":{\"@id\":\"https:\/\/staging.gemm-srl.com\/de\/#\/schema\/logo\/image\/\"},\"sameAs\":[\"https:\/\/www.facebook.com\/people\/GEMM-SRL\/100065046666797\/\",\"https:\/\/www.youtube.com\/@gemmsrl\",\"https:\/\/www.linkedin.com\/company\/gemm-s.r.l.\/\",\"https:\/\/www.instagram.com\/gemmsrl\/\"]}]}<\/script>\n<!-- \/ Yoast SEO plugin. -->","yoast_head_json":{"title":"BCC\/8027P - Gemm srl","robots":{"index":"index","follow":"follow","max-snippet":"max-snippet:-1","max-image-preview":"max-image-preview:large","max-video-preview":"max-video-preview:-1"},"canonical":"https:\/\/staging.gemm-srl.com\/de\/schnellkuehler-schockfroster\/new-runner-maxi-de\/bcc8027p\/","og_locale":"de_DE","og_type":"article","og_title":"BCC\/8027P - Gemm srl","og_description":"SCHNELLK\u00dcHLER\/SCHOCKFROSTER F\u00dcR 2 STIKKENWAGEN GN 2\/1 &#8211; 600X800 VERST\u00c4RKT- Schnellk\u00fchler \/ Schockfroster zur schnellen Abk\u00fchlung der Kerntemperatur von Lebensmitteln: Schnellk\u00fchlleistung von +90\u00b0C auf +3\u00b0C in 90 Minuten und Schockfrostleistung von +90\u00b0C auf -18\u00b0C in 240 Minuten. Die multifunktionale und mehrsprachige elektronische Platine erm\u00f6glicht dank des grafischen 7-Zoll-Farb-Touchscreens die einfache Organisation von Arbeitszyklen, die Einstellung mehrerer [&hellip;]","og_url":"https:\/\/staging.gemm-srl.com\/de\/schnellkuehler-schockfroster\/new-runner-maxi-de\/bcc8027p\/","og_site_name":"Gemm srl","article_publisher":"https:\/\/www.facebook.com\/people\/GEMM-SRL\/100065046666797\/","article_modified_time":"2025-05-15T03:00:33+00:00","og_image":[{"width":657,"height":657,"url":"https:\/\/staging.gemm-srl.com\/wp-content\/uploads\/2025\/01\/BCC_8027P.jpg","type":"image\/jpeg"}],"twitter_card":"summary_large_image","twitter_misc":{"Gesch\u00e4tzte Lesezeit":"1\u00a0Minute"},"schema":{"@context":"https:\/\/schema.org","@graph":[{"@type":"WebPage","@id":"https:\/\/staging.gemm-srl.com\/de\/schnellkuehler-schockfroster\/new-runner-maxi-de\/bcc8027p\/","url":"https:\/\/staging.gemm-srl.com\/de\/schnellkuehler-schockfroster\/new-runner-maxi-de\/bcc8027p\/","name":"BCC\/8027P - Gemm srl","isPartOf":{"@id":"https:\/\/staging.gemm-srl.com\/de\/#website"},"primaryImageOfPage":{"@id":"https:\/\/staging.gemm-srl.com\/de\/schnellkuehler-schockfroster\/new-runner-maxi-de\/bcc8027p\/#primaryimage"},"image":{"@id":"https:\/\/staging.gemm-srl.com\/de\/schnellkuehler-schockfroster\/new-runner-maxi-de\/bcc8027p\/#primaryimage"},"thumbnailUrl":"https:\/\/staging.gemm-srl.com\/wp-content\/uploads\/2025\/01\/BCC_8027P.jpg","datePublished":"2022-06-06T13:07:36+00:00","dateModified":"2025-05-15T03:00:33+00:00","breadcrumb":{"@id":"https:\/\/staging.gemm-srl.com\/de\/schnellkuehler-schockfroster\/new-runner-maxi-de\/bcc8027p\/#breadcrumb"},"inLanguage":"de","potentialAction":[{"@type":"ReadAction","target":["https:\/\/staging.gemm-srl.com\/de\/schnellkuehler-schockfroster\/new-runner-maxi-de\/bcc8027p\/"]}]},{"@type":"ImageObject","inLanguage":"de","@id":"https:\/\/staging.gemm-srl.com\/de\/schnellkuehler-schockfroster\/new-runner-maxi-de\/bcc8027p\/#primaryimage","url":"https:\/\/staging.gemm-srl.com\/wp-content\/uploads\/2025\/01\/BCC_8027P.jpg","contentUrl":"https:\/\/staging.gemm-srl.com\/wp-content\/uploads\/2025\/01\/BCC_8027P.jpg","width":657,"height":657},{"@type":"BreadcrumbList","@id":"https:\/\/staging.gemm-srl.com\/de\/schnellkuehler-schockfroster\/new-runner-maxi-de\/bcc8027p\/#breadcrumb","itemListElement":[{"@type":"ListItem","position":1,"name":"Home","item":"https:\/\/staging.gemm-srl.com\/de\/"},{"@type":"ListItem","position":2,"name":"Produkte","item":"https:\/\/staging.gemm-srl.com\/de\/produkte\/"},{"@type":"ListItem","position":3,"name":"Schnellk\u00fchler \/ Schockfroster","item":"https:\/\/staging.gemm-srl.com\/de\/schnellkuehler-schockfroster\/"},{"@type":"ListItem","position":4,"name":"New Runner Maxi","item":"https:\/\/staging.gemm-srl.com\/de\/schnellkuehler-schockfroster\/new-runner-maxi-de\/"},{"@type":"ListItem","position":5,"name":"BCC\/8027P"}]},{"@type":"WebSite","@id":"https:\/\/staging.gemm-srl.com\/de\/#website","url":"https:\/\/staging.gemm-srl.com\/de\/","name":"Gemm srl","description":"Sistemi refrigerati professionali di alta qualit\u00e0","publisher":{"@id":"https:\/\/staging.gemm-srl.com\/de\/#organization"},"potentialAction":[{"@type":"SearchAction","target":{"@type":"EntryPoint","urlTemplate":"https:\/\/staging.gemm-srl.com\/de\/?s={search_term_string}"},"query-input":{"@type":"PropertyValueSpecification","valueRequired":true,"valueName":"search_term_string"}}],"inLanguage":"de"},{"@type":"Organization","@id":"https:\/\/staging.gemm-srl.com\/de\/#organization","name":"Gemm srl","url":"https:\/\/staging.gemm-srl.com\/de\/","logo":{"@type":"ImageObject","inLanguage":"de","@id":"https:\/\/staging.gemm-srl.com\/de\/#\/schema\/logo\/image\/","url":"https:\/\/staging.gemm-srl.com\/wp-content\/uploads\/2020\/11\/logo_nero.png","contentUrl":"https:\/\/staging.gemm-srl.com\/wp-content\/uploads\/2020\/11\/logo_nero.png","width":250,"height":59,"caption":"Gemm srl"},"image":{"@id":"https:\/\/staging.gemm-srl.com\/de\/#\/schema\/logo\/image\/"},"sameAs":["https:\/\/www.facebook.com\/people\/GEMM-SRL\/100065046666797\/","https:\/\/www.youtube.com\/@gemmsrl","https:\/\/www.linkedin.com\/company\/gemm-s.r.l.\/","https:\/\/www.instagram.com\/gemmsrl\/"]}]}},"_links":{"self":[{"href":"https:\/\/staging.gemm-srl.com\/de\/wp-json\/wp\/v2\/product\/36448","targetHints":{"allow":["GET"]}}],"collection":[{"href":"https:\/\/staging.gemm-srl.com\/de\/wp-json\/wp\/v2\/product"}],"about":[{"href":"https:\/\/staging.gemm-srl.com\/de\/wp-json\/wp\/v2\/types\/product"}],"acf:post":[{"embeddable":true,"href":"https:\/\/staging.gemm-srl.com\/de\/wp-json\/wp\/v2\/product\/"},{"embeddable":true,"href":"https:\/\/staging.gemm-srl.com\/de\/wp-json\/wp\/v2\/wpdmpro\/25486"}],"wp:featuredmedia":[{"embeddable":true,"href":"https:\/\/staging.gemm-srl.com\/de\/wp-json\/wp\/v2\/media\/147007"}],"wp:attachment":[{"href":"https:\/\/staging.gemm-srl.com\/de\/wp-json\/wp\/v2\/media?parent=36448"}],"wp:term":[{"taxonomy":"product_brand","embeddable":true,"href":"https:\/\/staging.gemm-srl.com\/de\/wp-json\/wp\/v2\/product_brand?post=36448"},{"taxonomy":"product_cat","embeddable":true,"href":"https:\/\/staging.gemm-srl.com\/de\/wp-json\/wp\/v2\/product_cat?post=36448"},{"taxonomy":"product_tag","embeddable":true,"href":"https:\/\/staging.gemm-srl.com\/de\/wp-json\/wp\/v2\/product_tag?post=36448"}],"curies":[{"name":"wp","href":"https:\/\/api.w.org\/{rel}","templated":true}]}}