{"id":37107,"date":"2021-11-15T12:10:50","date_gmt":"2021-11-15T11:10:50","guid":{"rendered":"https:\/\/staging.gemm-srl.com\/cookie-policy\/"},"modified":"2025-01-09T12:51:40","modified_gmt":"2025-01-09T11:51:40","slug":"cookie-richtlinie","status":"publish","type":"page","link":"https:\/\/staging.gemm-srl.com\/de\/cookie-richtlinie\/","title":{"rendered":"Cookie-Richtline"},"content":{"rendered":"\t\t<div data-elementor-type=\"wp-page\" data-elementor-id=\"37107\" class=\"elementor elementor-37107 elementor-3202\" data-elementor-post-type=\"page\">\n\t\t\t\t\t\t<section class=\"elementor-section elementor-top-section elementor-element elementor-element-91642d0 elementor-section-items-bottom elementor-section-full_width elementor-section-height-min-height elementor-section-stretched elementor-section-height-default\" data-id=\"91642d0\" data-element_type=\"section\" data-settings=\"{&quot;jet_parallax_layout_list&quot;:[{&quot;jet_parallax_layout_image&quot;:{&quot;url&quot;:&quot;&quot;,&quot;id&quot;:&quot;&quot;,&quot;size&quot;:&quot;&quot;},&quot;_id&quot;:&quot;5263347&quot;,&quot;jet_parallax_layout_image_tablet&quot;:{&quot;url&quot;:&quot;&quot;,&quot;id&quot;:&quot;&quot;,&quot;size&quot;:&quot;&quot;},&quot;jet_parallax_layout_image_mobile&quot;:{&quot;url&quot;:&quot;&quot;,&quot;id&quot;:&quot;&quot;,&quot;size&quot;:&quot;&quot;},&quot;jet_parallax_layout_speed&quot;:{&quot;unit&quot;:&quot;%&quot;,&quot;size&quot;:50,&quot;sizes&quot;:[]},&quot;jet_parallax_layout_type&quot;:&quot;scroll&quot;,&quot;jet_parallax_layout_direction&quot;:null,&quot;jet_parallax_layout_fx_direction&quot;:null,&quot;jet_parallax_layout_z_index&quot;:&quot;&quot;,&quot;jet_parallax_layout_bg_x&quot;:50,&quot;jet_parallax_layout_bg_x_tablet&quot;:&quot;&quot;,&quot;jet_parallax_layout_bg_x_mobile&quot;:&quot;&quot;,&quot;jet_parallax_layout_bg_y&quot;:50,&quot;jet_parallax_layout_bg_y_tablet&quot;:&quot;&quot;,&quot;jet_parallax_layout_bg_y_mobile&quot;:&quot;&quot;,&quot;jet_parallax_layout_bg_size&quot;:&quot;auto&quot;,&quot;jet_parallax_layout_bg_size_tablet&quot;:&quot;&quot;,&quot;jet_parallax_layout_bg_size_mobile&quot;:&quot;&quot;,&quot;jet_parallax_layout_animation_prop&quot;:&quot;transform&quot;,&quot;jet_parallax_layout_on&quot;:[&quot;desktop&quot;,&quot;tablet&quot;]}],&quot;background_background&quot;:&quot;classic&quot;,&quot;stretch_section&quot;:&quot;section-stretched&quot;}\">\n\t\t\t\t\t\t<div class=\"elementor-container elementor-column-gap-default\">\n\t\t\t\t\t<div class=\"elementor-column elementor-col-100 elementor-top-column elementor-element elementor-element-13b180e\" data-id=\"13b180e\" data-element_type=\"column\">\n\t\t\t<div class=\"elementor-widget-wrap elementor-element-populated\">\n\t\t\t\t\t\t\t<\/div>\n\t\t<\/div>\n\t\t\t\t\t<\/div>\n\t\t<\/section>\n\t\t\t\t<section class=\"elementor-section elementor-top-section elementor-element elementor-element-188e5871 elementor-section-boxed elementor-section-height-default elementor-section-height-default\" data-id=\"188e5871\" data-element_type=\"section\" data-settings=\"{&quot;jet_parallax_layout_list&quot;:[{&quot;jet_parallax_layout_image&quot;:{&quot;url&quot;:&quot;&quot;,&quot;id&quot;:&quot;&quot;,&quot;size&quot;:&quot;&quot;},&quot;_id&quot;:&quot;4bb6bc0&quot;,&quot;jet_parallax_layout_image_tablet&quot;:{&quot;url&quot;:&quot;&quot;,&quot;id&quot;:&quot;&quot;,&quot;size&quot;:&quot;&quot;},&quot;jet_parallax_layout_image_mobile&quot;:{&quot;url&quot;:&quot;&quot;,&quot;id&quot;:&quot;&quot;,&quot;size&quot;:&quot;&quot;},&quot;jet_parallax_layout_speed&quot;:{&quot;unit&quot;:&quot;%&quot;,&quot;size&quot;:50,&quot;sizes&quot;:[]},&quot;jet_parallax_layout_type&quot;:&quot;scroll&quot;,&quot;jet_parallax_layout_direction&quot;:null,&quot;jet_parallax_layout_fx_direction&quot;:null,&quot;jet_parallax_layout_z_index&quot;:&quot;&quot;,&quot;jet_parallax_layout_bg_x&quot;:50,&quot;jet_parallax_layout_bg_x_tablet&quot;:&quot;&quot;,&quot;jet_parallax_layout_bg_x_mobile&quot;:&quot;&quot;,&quot;jet_parallax_layout_bg_y&quot;:50,&quot;jet_parallax_layout_bg_y_tablet&quot;:&quot;&quot;,&quot;jet_parallax_layout_bg_y_mobile&quot;:&quot;&quot;,&quot;jet_parallax_layout_bg_size&quot;:&quot;auto&quot;,&quot;jet_parallax_layout_bg_size_tablet&quot;:&quot;&quot;,&quot;jet_parallax_layout_bg_size_mobile&quot;:&quot;&quot;,&quot;jet_parallax_layout_animation_prop&quot;:&quot;transform&quot;,&quot;jet_parallax_layout_on&quot;:[&quot;desktop&quot;,&quot;tablet&quot;]}]}\">\n\t\t\t\t\t\t<div class=\"elementor-container elementor-column-gap-default\">\n\t\t\t\t\t<div class=\"elementor-column elementor-col-100 elementor-top-column elementor-element elementor-element-551b4715\" data-id=\"551b4715\" data-element_type=\"column\">\n\t\t\t<div class=\"elementor-widget-wrap elementor-element-populated\">\n\t\t\t\t\t\t<div class=\"elementor-element elementor-element-64854053 elementor-widget elementor-widget-text-editor\" data-id=\"64854053\" data-element_type=\"widget\" data-widget_type=\"text-editor.default\">\n\t\t\t\t<div class=\"elementor-widget-container\">\n\t\t\t\t\t\t\t\t\t<p>GEMM Srl, mit Sitz in Codogn\u00e8 (TV), Via del Lavoro 37 \u2013 Cimavilla, Tel. 0438.778504, in seiner Eigenschaft als Verantwortlicher f\u00fcr die Verarbeitung Ihrer personenbezogenen Daten (im Folgenden \u201eVerantwortlicher\u201c), ver\u00f6ffentlicht diese Informationen in \u00dcbereinstimmung mit den europ\u00e4ischen und italienischen Vorschriften zum Schutz personenbezogener Daten (siehe insbesondere die Ma\u00dfnahmen des Datenschutzbeauftragten Nr. 229 vom 8. Mai 2014 zur \u201eFestlegung vereinfachter Verfahren f\u00fcr die Offenlegung und den Erwerb der Zustimmung zur Verwendung von Cookies\u201c und Nr. 231 vom 10. Juni 2021 mit den \u201eRichtlinien f\u00fcr Cookies und andere Tracking-Tools\u201c), um Sie \u00fcber die Zwecke und Methoden der Verarbeitung personenbezogener Daten zu informieren, die Sie w\u00e4hrend der Navigation auf dieser Website (im Folgenden \u201eWebsite\u201c) mitteilen k\u00f6nnten.<\/p><p>Es wird darauf hingewiesen, dass sich diese Informationen nur auf die Website und nicht auf Websites Dritter beziehen, die der Benutzer m\u00f6glicherweise \u00fcber Links auf der Website erreichen kann.<\/p><p>WAS SIND COOKIES?<\/p><p>Ein Cookie ist eine kleine Datei, die an Ihren Browser gesendet und auf Ihrem Ger\u00e4t gespeichert wird, wenn Sie eine Website wie www.gemm-srl.com besuchen. Cookies erm\u00f6glichen einen effizienten Betrieb der Website und verbessern deren Leistung. Sie liefern dem Eigent\u00fcmer der Website Informationen f\u00fcr statistische oder Werbezwecke, haupts\u00e4chlich um Ihr Navigationserlebnis zu personalisieren, indem sie sich an Ihre Pr\u00e4ferenzen erinnern.<\/p><p>Die Website verwendet verschiedene Arten von Cookies von Erstanbietern (die von MM ONE Group s.r.l erstellt und verwaltet werden) und von Dritten (die von Dritten gem\u00e4\u00df ihren eigenen Datenschutzrichtlinien erstellt und verwaltet werden und nicht unter der Kontrolle von MM ONE Group s.r.l stehen): Im Folgenden finden Sie eine erl\u00e4uternde Tabelle.<\/p><p>ART DER ERFORDERLICHEN COOKIES: TECHNISCHE SESSION-, NAVIGATIONS- UND FUNKTIONS-COOKIES<\/p><p>COOKIES<\/p><p>DAUER<\/p><p>BESCHREIBUNG<\/p><p>__wpdm_client<\/p><p>Sitzung<\/p><p>Wir verwenden Cookies, wenn Sie eingeloggt sind, damit wir uns an diese Tatsache erinnern k\u00f6nnen. Dies verhindert, dass Sie sich jedes Mal anmelden m\u00fcssen, wenn Sie eine neue Seite besuchen. Diese Cookies werden in der Regel entfernt oder gel\u00f6scht, wenn Sie sich ausloggen, um sicherzustellen, dass Sie nur auf eingeschr\u00e4nkte Funktionen und Bereiche zugreifen k\u00f6nnen, wenn Sie sich anmelden<\/p><p>cookielawinfo-checkbox-advertisement<\/p><p>6 Monate<\/p><p>Dieses Cookie wird vom GDPR-Plugin Cookie Consent gesetzt und wird verwendet, um die Zustimmung des Benutzers zu Cookies in der Kategorie &#8222;Marketing&#8220; zu erfassen.<\/p><p>cookielawinfo-checkbox-analytics<\/p><p>6 Monate<\/p><p>Dieses Cookie wird vom GDPR-Plugin Cookie Consent gesetzt und wird verwendet, um die Zustimmung des Benutzers zu Cookies in der Kategorie &#8222;Analytische Cookies&#8220; zu erfassen.<\/p><p>cookielawinfo-checkbox-erforderlich<\/p><p>6 Monate<\/p><p>Dieses Cookie wird vom GDPR-Plugin Cookie Consent gesetzt und wird verwendet, um die Zustimmung des Benutzers zu Cookies in der Kategorie &#8222;Notwendig&#8220; zu erfassen.<\/p><p>cookielawinfo-checkbox-others<\/p><p>6 Monate<\/p><p>Dieses Cookie wird vom GDPR-Plugin Cookie Consent gesetzt und wird verwendet, um die Zustimmung des Benutzers zu Cookies in der Kategorie &#8222;Sonstiges&#8220; zu erfassen.<\/p><p>cookielawinfo-checkbox-performance<\/p><p>6 Monate<\/p><p>Dieses Cookie wird vom DSGVO-Plugin Cookie Consent gesetzt und wird verwendet, um die Zustimmung des Benutzers zu Cookies in der Kategorie &#8222;Funktional&#8220; zu erfassen.<\/p><p>elementor<\/p><p>6 Monate<\/p><p>Dieses Cookie wird vom WordPress-Theme der Website verwendet. Es erm\u00f6glicht dem Inhaber der Website, den Inhalt der Website in Echtzeit zu implementieren oder zu \u00e4ndern.<\/p><p>COOKIES, DIE NICHT IN EINER KATEGORIE KLASSIFIZIERT SIND: IHRE ZUSTIMMUNG IST ERFORDERLICH<\/p><p>COOKIES<\/p><p>DAUER<\/p><p>BESCHREIBUNG<\/p><p>cookielawinfo_checkbox-funktional<\/p><p>6 Monate<\/p><p>Dieses Cookie wird vom GDPR-Plugin Cookie Consent gesetzt und wird verwendet, um die Zustimmung des Benutzers zu Cookies in der Kategorie &#8222;Funktional&#8220; zu erfassen.<\/p><p>woocommerce_recently_viewed<\/p><p>Sitzung<\/p><p>Dieses Cookie wird vom WordPress-Theme der Website verwendet und erm\u00f6glicht die Aufzeichnung der letzten vom Benutzer w\u00e4hrend der Browsersitzung angesehenen Produkte<\/p><p>WERBE-COOKIES WERDEN VERWENDET, UM BESUCHERN RELEVANTE WERBUNG UND MARKETINGKAMPAGNEN ZUR VERF\u00dcGUNG ZU STELLEN. DIESE COOKIES VERFOLGEN BESUCHER \u00dcBER WEBSITES UND SAMMELN INFORMATIONEN, UM PERSONALISIERTE ANZEIGEN ZU SCHALTEN. F\u00dcR DIE VERWENDUNG DIESER COOKIES IST IHRE ZUSTIMMUNG ERFORDERLICH:<\/p><p>COOKIES<\/p><p>DAUER<\/p><p>BESCHREIBUNG<\/p><p>VISITOR_INFO1_LIVE<\/p><p>6 Monate<\/p><p>Ein Cookie, das von Youtube gesetzt wird, um die Bandbreite zu messen, die bestimmt, ob der Benutzer die Schnittstelle des neuen oder alten Players erh\u00e4lt.<\/p><p>YSC<\/p><p>Sitzung<\/p><p>YSC-Cookie wird von Youtube gesetzt und wird verwendet, um die Aufrufe von eingebetteten Videos auf Youtube-Seiten zu verfolgen<\/p><p>yt-remote-connected-devices<\/p><p>Nie<\/p><p>Youtube setzt dieses Cookie, um die Videoeinstellungen des Nutzers \u00fcber das eingebettete Youtube-Video zu speichern.<\/p><p>yt-remote-device-id<\/p><p>Nie<\/p><p>Youtube setzt dieses Cookie, um die Videopr\u00e4ferenzen des Nutzers \u00fcber das eingebettete Youtube-Video zu speichern<\/p><p>WERBE-COOKIES WERDEN VERWENDET, UM BESUCHERN RELEVANTE WERBUNG UND MARKETINGKAMPAGNEN ZUR VERF\u00dcGUNG ZU STELLEN. DIESE COOKIES VERFOLGEN BESUCHER \u00dcBER WEBSITES UND ANALYTISCHE COOKIES VON DRITTANBIETERN: SIE WERDEN AUSSCHLIESSLICH VERWENDET UND ERSTELLT, UM INFORMATIONEN IN AGGREGIERTER UND ANONYMER FORM \u00dcBER DIE ANZAHL DER BENUTZER UND DIE ART UND WEISE, WIE BENUTZER DIE WEBSITE BESUCHEN, ZU SAMMELN. F\u00dcR DIE VERWENDUNG DIESER COOKIES IST IHRE ZUSTIMMUNG ERFORDERLICH:<\/p><p>COOKIES<\/p><p>DAUER<\/p><p>BESCHREIBUNG<\/p><p>ZUSTIMMUNG<\/p><p>6 Monate<\/p><p>Youtube setzt dieses Cookie \u00fcber das eingebettete Video-Youtube und zeichnet anonyme statistische Daten auf.<\/p><p>Aktivieren und Deaktivieren von Cookies im Browser.<\/p><p>Die meisten Browser sind so konfiguriert, dass sie Cookies \u00fcber die Einstellungen akzeptieren, kontrollieren oder gegebenenfalls deaktivieren. Wir weisen Sie jedoch darauf hin, dass die Deaktivierung von Navigations- oder Funktions-Cookies zu einem unbefriedigenden Funktionieren der Website f\u00fchren und\/oder den von uns angebotenen Service einschr\u00e4nken kann.<\/p><p>Nachfolgend finden Sie den Pfad, dem Sie folgen m\u00fcssen, um Cookies von den folgenden Browsern zu verwalten:<\/p><p>Safari: https:\/\/support.apple.com\/it-it\/guide\/safari\/sfri11471\/mac<\/p><p>Chrome: https:\/\/support.google.com\/chrome\/answer\/95647?hl=it-IT&amp;hlrm=fr&amp;hlrm=en<\/p><p>Microsoft Edge: https:\/\/support.microsoft.com\/it-it\/help\/4468242\/microsoft-edge-browsing-data-and-privacy-microsoft-privacy<\/p><p>Firefox: <a href=\"https:\/\/support.mozilla.org\/it\/kb\/Gestione%20dei%20cookie\">https:\/\/support.mozilla.org\/it\/kb\/Gestione%20dei%20cookie<\/a><\/p>\t\t\t\t\t\t\t\t<\/div>\n\t\t\t\t<\/div>\n\t\t\t\t\t<\/div>\n\t\t<\/div>\n\t\t\t\t\t<\/div>\n\t\t<\/section>\n\t\t\t\t<\/div>\n\t\t","protected":false},"excerpt":{"rendered":"<p>GEMM Srl, mit Sitz in Codogn\u00e8 (TV), Via del Lavoro 37 \u2013 Cimavilla, Tel. 0438.778504, in seiner Eigenschaft als Verantwortlicher f\u00fcr die Verarbeitung Ihrer personenbezogenen Daten (im Folgenden \u201eVerantwortlicher\u201c), ver\u00f6ffentlicht diese Informationen in \u00dcbereinstimmung mit den europ\u00e4ischen und italienischen Vorschriften zum Schutz personenbezogener Daten (siehe insbesondere die Ma\u00dfnahmen des Datenschutzbeauftragten Nr. 229 vom 8. Mai [&hellip;]<\/p>\n","protected":false},"author":2,"featured_media":0,"parent":0,"menu_order":21,"comment_status":"closed","ping_status":"closed","template":"elementor_header_footer","meta":{"_acf_changed":false,"footnotes":""},"class_list":["post-37107","page","type-page","status-publish","hentry"],"acf":[],"yoast_head":"<!-- This site is optimized with the Yoast SEO plugin v25.1 - https:\/\/yoast.com\/wordpress\/plugins\/seo\/ -->\n<title>Cookie-Richtline - Gemm srl<\/title>\n<meta name=\"robots\" content=\"noindex, follow\" \/>\n<meta property=\"og:locale\" content=\"de_DE\" \/>\n<meta property=\"og:type\" content=\"article\" \/>\n<meta property=\"og:title\" content=\"Cookie-Richtline - Gemm srl\" \/>\n<meta property=\"og:description\" content=\"GEMM Srl, mit Sitz in Codogn\u00e8 (TV), Via del Lavoro 37 \u2013 Cimavilla, Tel. 0438.778504, in seiner Eigenschaft als Verantwortlicher f\u00fcr die Verarbeitung Ihrer personenbezogenen Daten (im Folgenden \u201eVerantwortlicher\u201c), ver\u00f6ffentlicht diese Informationen in \u00dcbereinstimmung mit den europ\u00e4ischen und italienischen Vorschriften zum Schutz personenbezogener Daten (siehe insbesondere die Ma\u00dfnahmen des Datenschutzbeauftragten Nr. 229 vom 8. Mai [&hellip;]\" \/>\n<meta property=\"og:url\" content=\"https:\/\/staging.gemm-srl.com\/de\/cookie-richtlinie\/\" \/>\n<meta property=\"og:site_name\" content=\"Gemm srl\" \/>\n<meta property=\"article:publisher\" content=\"https:\/\/www.facebook.com\/people\/GEMM-SRL\/100065046666797\/\" \/>\n<meta property=\"article:modified_time\" content=\"2025-01-09T11:51:40+00:00\" \/>\n<meta name=\"twitter:card\" content=\"summary_large_image\" \/>\n<meta name=\"twitter:label1\" content=\"Gesch\u00e4tzte Lesezeit\" \/>\n\t<meta name=\"twitter:data1\" content=\"5\u00a0Minuten\" \/>\n<script type=\"application\/ld+json\" class=\"yoast-schema-graph\">{\"@context\":\"https:\/\/schema.org\",\"@graph\":[{\"@type\":\"WebPage\",\"@id\":\"https:\/\/staging.gemm-srl.com\/de\/cookie-richtlinie\/\",\"url\":\"https:\/\/staging.gemm-srl.com\/de\/cookie-richtlinie\/\",\"name\":\"Cookie-Richtline - Gemm srl\",\"isPartOf\":{\"@id\":\"https:\/\/staging.gemm-srl.com\/de\/#website\"},\"datePublished\":\"2021-11-15T11:10:50+00:00\",\"dateModified\":\"2025-01-09T11:51:40+00:00\",\"breadcrumb\":{\"@id\":\"https:\/\/staging.gemm-srl.com\/de\/cookie-richtlinie\/#breadcrumb\"},\"inLanguage\":\"de\",\"potentialAction\":[{\"@type\":\"ReadAction\",\"target\":[\"https:\/\/staging.gemm-srl.com\/de\/cookie-richtlinie\/\"]}]},{\"@type\":\"BreadcrumbList\",\"@id\":\"https:\/\/staging.gemm-srl.com\/de\/cookie-richtlinie\/#breadcrumb\",\"itemListElement\":[{\"@type\":\"ListItem\",\"position\":1,\"name\":\"Home\",\"item\":\"https:\/\/staging.gemm-srl.com\/de\/\"},{\"@type\":\"ListItem\",\"position\":2,\"name\":\"Cookie-Richtline\"}]},{\"@type\":\"WebSite\",\"@id\":\"https:\/\/staging.gemm-srl.com\/de\/#website\",\"url\":\"https:\/\/staging.gemm-srl.com\/de\/\",\"name\":\"Gemm srl\",\"description\":\"Sistemi refrigerati professionali di alta qualit\u00e0\",\"publisher\":{\"@id\":\"https:\/\/staging.gemm-srl.com\/de\/#organization\"},\"potentialAction\":[{\"@type\":\"SearchAction\",\"target\":{\"@type\":\"EntryPoint\",\"urlTemplate\":\"https:\/\/staging.gemm-srl.com\/de\/?s={search_term_string}\"},\"query-input\":{\"@type\":\"PropertyValueSpecification\",\"valueRequired\":true,\"valueName\":\"search_term_string\"}}],\"inLanguage\":\"de\"},{\"@type\":\"Organization\",\"@id\":\"https:\/\/staging.gemm-srl.com\/de\/#organization\",\"name\":\"Gemm srl\",\"url\":\"https:\/\/staging.gemm-srl.com\/de\/\",\"logo\":{\"@type\":\"ImageObject\",\"inLanguage\":\"de\",\"@id\":\"https:\/\/staging.gemm-srl.com\/de\/#\/schema\/logo\/image\/\",\"url\":\"https:\/\/staging.gemm-srl.com\/wp-content\/uploads\/2020\/11\/logo_nero.png\",\"contentUrl\":\"https:\/\/staging.gemm-srl.com\/wp-content\/uploads\/2020\/11\/logo_nero.png\",\"width\":250,\"height\":59,\"caption\":\"Gemm srl\"},\"image\":{\"@id\":\"https:\/\/staging.gemm-srl.com\/de\/#\/schema\/logo\/image\/\"},\"sameAs\":[\"https:\/\/www.facebook.com\/people\/GEMM-SRL\/100065046666797\/\",\"https:\/\/www.youtube.com\/@gemmsrl\",\"https:\/\/www.linkedin.com\/company\/gemm-s.r.l.\/\",\"https:\/\/www.instagram.com\/gemmsrl\/\"]}]}<\/script>\n<!-- \/ Yoast SEO plugin. -->","yoast_head_json":{"title":"Cookie-Richtline - Gemm srl","robots":{"index":"noindex","follow":"follow"},"og_locale":"de_DE","og_type":"article","og_title":"Cookie-Richtline - Gemm srl","og_description":"GEMM Srl, mit Sitz in Codogn\u00e8 (TV), Via del Lavoro 37 \u2013 Cimavilla, Tel. 0438.778504, in seiner Eigenschaft als Verantwortlicher f\u00fcr die Verarbeitung Ihrer personenbezogenen Daten (im Folgenden \u201eVerantwortlicher\u201c), ver\u00f6ffentlicht diese Informationen in \u00dcbereinstimmung mit den europ\u00e4ischen und italienischen Vorschriften zum Schutz personenbezogener Daten (siehe insbesondere die Ma\u00dfnahmen des Datenschutzbeauftragten Nr. 229 vom 8. Mai [&hellip;]","og_url":"https:\/\/staging.gemm-srl.com\/de\/cookie-richtlinie\/","og_site_name":"Gemm srl","article_publisher":"https:\/\/www.facebook.com\/people\/GEMM-SRL\/100065046666797\/","article_modified_time":"2025-01-09T11:51:40+00:00","twitter_card":"summary_large_image","twitter_misc":{"Gesch\u00e4tzte Lesezeit":"5\u00a0Minuten"},"schema":{"@context":"https:\/\/schema.org","@graph":[{"@type":"WebPage","@id":"https:\/\/staging.gemm-srl.com\/de\/cookie-richtlinie\/","url":"https:\/\/staging.gemm-srl.com\/de\/cookie-richtlinie\/","name":"Cookie-Richtline - Gemm srl","isPartOf":{"@id":"https:\/\/staging.gemm-srl.com\/de\/#website"},"datePublished":"2021-11-15T11:10:50+00:00","dateModified":"2025-01-09T11:51:40+00:00","breadcrumb":{"@id":"https:\/\/staging.gemm-srl.com\/de\/cookie-richtlinie\/#breadcrumb"},"inLanguage":"de","potentialAction":[{"@type":"ReadAction","target":["https:\/\/staging.gemm-srl.com\/de\/cookie-richtlinie\/"]}]},{"@type":"BreadcrumbList","@id":"https:\/\/staging.gemm-srl.com\/de\/cookie-richtlinie\/#breadcrumb","itemListElement":[{"@type":"ListItem","position":1,"name":"Home","item":"https:\/\/staging.gemm-srl.com\/de\/"},{"@type":"ListItem","position":2,"name":"Cookie-Richtline"}]},{"@type":"WebSite","@id":"https:\/\/staging.gemm-srl.com\/de\/#website","url":"https:\/\/staging.gemm-srl.com\/de\/","name":"Gemm srl","description":"Sistemi refrigerati professionali di alta qualit\u00e0","publisher":{"@id":"https:\/\/staging.gemm-srl.com\/de\/#organization"},"potentialAction":[{"@type":"SearchAction","target":{"@type":"EntryPoint","urlTemplate":"https:\/\/staging.gemm-srl.com\/de\/?s={search_term_string}"},"query-input":{"@type":"PropertyValueSpecification","valueRequired":true,"valueName":"search_term_string"}}],"inLanguage":"de"},{"@type":"Organization","@id":"https:\/\/staging.gemm-srl.com\/de\/#organization","name":"Gemm srl","url":"https:\/\/staging.gemm-srl.com\/de\/","logo":{"@type":"ImageObject","inLanguage":"de","@id":"https:\/\/staging.gemm-srl.com\/de\/#\/schema\/logo\/image\/","url":"https:\/\/staging.gemm-srl.com\/wp-content\/uploads\/2020\/11\/logo_nero.png","contentUrl":"https:\/\/staging.gemm-srl.com\/wp-content\/uploads\/2020\/11\/logo_nero.png","width":250,"height":59,"caption":"Gemm srl"},"image":{"@id":"https:\/\/staging.gemm-srl.com\/de\/#\/schema\/logo\/image\/"},"sameAs":["https:\/\/www.facebook.com\/people\/GEMM-SRL\/100065046666797\/","https:\/\/www.youtube.com\/@gemmsrl","https:\/\/www.linkedin.com\/company\/gemm-s.r.l.\/","https:\/\/www.instagram.com\/gemmsrl\/"]}]}},"_links":{"self":[{"href":"https:\/\/staging.gemm-srl.com\/de\/wp-json\/wp\/v2\/pages\/37107","targetHints":{"allow":["GET"]}}],"collection":[{"href":"https:\/\/staging.gemm-srl.com\/de\/wp-json\/wp\/v2\/pages"}],"about":[{"href":"https:\/\/staging.gemm-srl.com\/de\/wp-json\/wp\/v2\/types\/page"}],"author":[{"embeddable":true,"href":"https:\/\/staging.gemm-srl.com\/de\/wp-json\/wp\/v2\/users\/2"}],"replies":[{"embeddable":true,"href":"https:\/\/staging.gemm-srl.com\/de\/wp-json\/wp\/v2\/comments?post=37107"}],"version-history":[{"count":0,"href":"https:\/\/staging.gemm-srl.com\/de\/wp-json\/wp\/v2\/pages\/37107\/revisions"}],"wp:attachment":[{"href":"https:\/\/staging.gemm-srl.com\/de\/wp-json\/wp\/v2\/media?parent=37107"}],"curies":[{"name":"wp","href":"https:\/\/api.w.org\/{rel}","templated":true}]}}